{"id":11515,"date":"2026-03-03T16:44:10","date_gmt":"2026-03-03T15:44:10","guid":{"rendered":"https:\/\/meine-renditeimmobilie.de\/?page_id=11515"},"modified":"2026-03-05T15:51:31","modified_gmt":"2026-03-05T14:51:31","slug":"tobias-hansel","status":"publish","type":"page","link":"https:\/\/meine-renditeimmobilie.de\/it\/tobias-hansel\/","title":{"rendered":"Tobias Hansel"},"content":{"rendered":"<div class=\"mri-author-header\">\r\n\t<h1>Tobias Hansel<\/h1>\r\n\t<p>Consulenza Monaco di Baviera<\/p>\r\n<\/div>\r\n\r\n<script type=\"application\/ld+json\">\r\n{\r\n  \"@context\": \"https:\/\/schema.org\",\r\n  \"@type\": \"Person\",\r\n  \"@id\": \"https:\/\/meine-renditeimmobilie.de\/tobias-hansel\/#person\",\r\n  \"name\": \"Tobias Hansel\",\r\n  \"url\": \"https:\/\/meine-renditeimmobilie.de\/it\/tobias-hansel\/\",\r\n  \"jobTitle\": \"Consulenza Monaco di Baviera\",\r\n  \"worksFor\": {\r\n    \"@type\": \"Organization\",\r\n    \"@id\": \"https:\/\/meine-renditeimmobilie.de\/#organization\",\r\n    \"name\": \"Meine-Renditeimmobilie GmbH\",\r\n    \"url\": \"https:\/\/meine-renditeimmobilie.de\/\"\r\n  },\r\n  \"hasCredential\": [\r\n    {\r\n      \"@type\": \"EducationalOccupationalCredential\",\r\n      \"credentialCategory\": \"professional license\",\r\n      \"name\": \"Autorizzazione ai sensi del \u00a7 34i GewO\",\r\n      \"recognizedBy\": {\r\n        \"@type\": \"Organization\",\r\n        \"name\": \"Camera di commercio e industria di Monaco e dell'Alta Baviera (IHK f\u00fcr M\u00fcnchen und Oberbayern)\"\r\n      }\r\n    },\r\n    {\r\n      \"@type\": \"EducationalOccupationalCredential\",\r\n      \"credentialCategory\": \"professional license\",\r\n      \"name\": \"Autorizzazione ai sensi del \u00a7 34f GewO\",\r\n      \"recognizedBy\": {\r\n        \"@type\": \"Organization\",\r\n        \"name\": \"Camera di commercio e industria di Monaco e dell'Alta Baviera (IHK f\u00fcr M\u00fcnchen und Oberbayern)\"\r\n      }\r\n    }\r\n  ]\r\n}\r\n<\/script>\r\n\r\n<section class=\"mri-padded mri-author-bio\">\r\n\t<figure>\r\n\t\t<img loading=\"lazy\" decoding=\"async\" src=\"https:\/\/meine-renditeimmobilie.de\/u\/tobiash-768x512.avif\" alt=\"Tobias Hansel, Consulenza Monaco di Baviera\" width=\"513\" height=\"342\"> \r\n\t\t<figcaption>Tobias Hansel, Consulenza Monaco di Baviera<\/figcaption>\r\n\t<\/figure>\r\n\t<p>\r\n\t\tTobias ha scoperto presto la sua passione per la finanza e il settore immobiliare. Dopo aver completato la formazione come impiegato bancario nel 2007 e aver conseguito il titolo di specialista bancario nel 2011, nel 2014 si \u00e8 trasferito da W\u00fcrzburg a Monaco di Baviera insieme a sua moglie. Qui si \u00e8 specializzato nell\u2019assistenza ai professionisti sanitari accademici. Nel 2018 ha intrapreso l\u2019attivit\u00e0 autonoma nel settore della gestione patrimoniale, costruendo con successo una solida base clienti e una forte rete di partner.\r\n\t<\/p>\r\n\t<p>\r\n\t\tDal 2025 Tobias rafforza il team di Meine-Renditeimmobilie. Grazie alla sua ampia competenza in ambito finanziario, a uno stile di lavoro strutturato e scrupoloso e a un elevato livello di professionalit\u00e0, accompagna ogni cliente nell\u2019individuare le migliori opportunit\u00e0 e nel creare valore nel lungo periodo. Onest\u00e0, trasparenza e cordialit\u00e0 caratterizzano la sua collaborazione, e come affidabile networker \u00e8 un punto di riferimento apprezzato sia per i partner sia per i clienti.\r\n\t<\/p>\r\n\r\n\t<p>\r\n\t\t<a href=\"#\" class=\"mri-toggle-link\" data-mri-toggle-target=\"mri-tobias-hidden\">Di pi\u00f9<\/a>\r\n\t<\/p>\r\n\t<div id=\"mri-tobias-hidden\" class=\"mri-hidden\">\r\n\t\t<p>\r\n\t\t\tNella vita privata la famiglia occupa il primo posto per Tobias. Ama trascorrere il tempo con familiari e amici, partecipare a concerti, leggere e trovare equilibrio attraverso l\u2019allenamento di boxe. Dal punto di vista culinario ha una debolezza particolare: la pizza \u2014 al punto che probabilmente la ordinerebbe persino in un ristorante asiatico.\r\n\t\t<\/p>\r\n\t<\/div>\r\n<\/section>\r\n\r\n<section class=\"mri-credentials mri-padded\">\r\n\t<h2>Autorizzazioni &#038; Registrazioni<\/h2>\r\n\r\n\t<ul>\r\n\t\t<li>\r\n\t\t\tAutorizzazione ai sensi del \u00a7 34f del Codice dell\u2019Industria e del Commercio tedesco (Intermediazione di strumenti finanziari) Numero di registrazione <a href=\"https:\/\/www.vermittlerregister.info\/recherche?a=suche&#038;registernummer=D-F-155-4TUJ-30\" rel=\"nofollow noopener\" target=\"_blank\"><strong>D-F-155-4TUJ-30<\/strong><\/a>\r\n\t\t<\/li>\r\n\t\t<li>\r\n\t\t\tAutorizzazione ai sensi del \u00a7 34i del Codice dell\u2019Industria e del Commercio tedesco (Intermediazione di crediti immobiliari) Numero di registrazione <a href=\"https:\/\/www.vermittlerregister.info\/recherche?a=suche&#038;registernummer=D-W-155-26NG-33\" rel=\"nofollow noopener\" target=\"_blank\"><strong>D-W-155-26NG-33<\/strong><\/a>\r\n\t\t<\/li>\r\n\t<\/ul>\r\n<\/section>\r\n","protected":false},"excerpt":{"rendered":"<p>Tobias Hansel Consulenza Monaco di Baviera Tobias Hansel, Consulenza Monaco di Baviera Tobias ha scoperto presto la sua passione per [&hellip;]<\/p>\n","protected":false},"author":1,"featured_media":0,"parent":0,"menu_order":0,"comment_status":"closed","ping_status":"closed","template":"","meta":{"_locale":"it_IT","_original_post":"https:\/\/meine-renditeimmobilie.de\/?page_id=11512","footnotes":""},"folder":[100],"class_list":["post-11515","page","type-page","status-publish","hentry","it-IT"],"_links":{"self":[{"href":"https:\/\/meine-renditeimmobilie.de\/wp-json\/wp\/v2\/pages\/11515","targetHints":{"allow":["GET"]}}],"collection":[{"href":"https:\/\/meine-renditeimmobilie.de\/wp-json\/wp\/v2\/pages"}],"about":[{"href":"https:\/\/meine-renditeimmobilie.de\/wp-json\/wp\/v2\/types\/page"}],"author":[{"embeddable":true,"href":"https:\/\/meine-renditeimmobilie.de\/wp-json\/wp\/v2\/users\/1"}],"replies":[{"embeddable":true,"href":"https:\/\/meine-renditeimmobilie.de\/wp-json\/wp\/v2\/comments?post=11515"}],"version-history":[{"count":4,"href":"https:\/\/meine-renditeimmobilie.de\/wp-json\/wp\/v2\/pages\/11515\/revisions"}],"predecessor-version":[{"id":11553,"href":"https:\/\/meine-renditeimmobilie.de\/wp-json\/wp\/v2\/pages\/11515\/revisions\/11553"}],"wp:attachment":[{"href":"https:\/\/meine-renditeimmobilie.de\/wp-json\/wp\/v2\/media?parent=11515"}],"wp:term":[{"taxonomy":"folder","embeddable":true,"href":"https:\/\/meine-renditeimmobilie.de\/wp-json\/wp\/v2\/folder?post=11515"}],"curies":[{"name":"wp","href":"https:\/\/api.w.org\/{rel}","templated":true}]}}