{"id":11534,"date":"2026-03-05T11:28:32","date_gmt":"2026-03-05T10:28:32","guid":{"rendered":"https:\/\/meine-renditeimmobilie.de\/?page_id=11534"},"modified":"2026-03-05T15:53:18","modified_gmt":"2026-03-05T14:53:18","slug":"stefan-schanderl","status":"publish","type":"page","link":"https:\/\/meine-renditeimmobilie.de\/it\/stefan-schanderl\/","title":{"rendered":"Stefan Schanderl"},"content":{"rendered":"<div class=\"mri-author-header\">\r\n\t<h1>Stefan Schanderl<\/h1>\r\n\t<p>CONTABILIT\u00c0<\/p>\r\n\r\n<\/div>\r\n\r\n<script type=\"application\/ld+json\">\r\n{\r\n  \"@context\": \"https:\/\/schema.org\",\r\n  \"@type\": \"Person\",\r\n  \"@id\": \"https:\/\/meine-renditeimmobilie.de\/stefan-schanderl\/#person\",\r\n  \"name\": \"Stefan Schanderl\",\r\n  \"url\": \"https:\/\/meine-renditeimmobilie.de\/it\/stefan-schanderl\/\",\r\n  \"jobTitle\": \"CONTABILIT\u00c0\",\r\n  \"worksFor\": {\r\n    \"@type\": \"Organization\",\r\n    \"@id\": \"https:\/\/meine-renditeimmobilie.de\/#organization\",\r\n    \"name\": \"Meine-Renditeimmobilie GmbH\",\r\n    \"url\": \"https:\/\/meine-renditeimmobilie.de\/\"\r\n  },\r\n  \"hasCredential\": [\r\n    {\r\n      \"@type\": \"EducationalOccupationalCredential\",\r\n      \"credentialCategory\": \"professional license\",\r\n      \"name\": \"Autorizzazione ai sensi del \u00a7 34i GewO\",\r\n      \"recognizedBy\": {\r\n        \"@type\": \"Organization\",\r\n        \"name\": \"Camera di commercio e industria di Monaco e dell'Alta Baviera (IHK f\u00fcr M\u00fcnchen und Oberbayern)\"\r\n      }\r\n    },\r\n    {\r\n      \"@type\": \"EducationalOccupationalCredential\",\r\n      \"credentialCategory\": \"professional license\",\r\n      \"name\": \"Autorizzazione ai sensi del \u00a7 34f GewO\",\r\n      \"recognizedBy\": {\r\n        \"@type\": \"Organization\",\r\n        \"name\": \"Camera di commercio e industria di Monaco e dell'Alta Baviera (IHK f\u00fcr M\u00fcnchen und Oberbayern)\"\r\n      }\r\n    }\r\n  ]\r\n}\r\n<\/script>\r\n\r\n<section class=\"mri-padded mri-author-bio\">\r\n\t<figure>\r\n\t\t<img loading=\"lazy\" decoding=\"async\" src=\"https:\/\/meine-renditeimmobilie.de\/u\/stefans-768x512.avif\" alt=\"Stefan Schanderl, CONTABILIT\u00c0\" width=\"513\" height=\"342\"> \r\n\t\t<figcaption>Stefan Schanderl, CONTABILIT\u00c0<\/figcaption>\r\n\t<\/figure>\r\n\t<p>\r\n\t\tStefan porta nel suo lavoro quotidiano una vasta esperienza di vita e una forte affinit\u00e0 con i numeri. Attualmente sta completando la formazione come contabile e continua ad ampliare costantemente le proprie competenze professionali. \r\n\t<\/p>\r\n\t<p>\r\n\t\tGrazie a un sicuro senso della struttura e dei dettagli, riesce a organizzare con chiarezza anche i dati pi\u00f9 complessi \u2013 una qualit\u00e0 che lo rende particolarmente prezioso nel settore della contabilit\u00e0.\r\n\t<\/p>\r\n\t<p>\r\n\t\tIl suo stile di lavoro \u00e8 caratterizzato da affidabilit\u00e0, lungimiranza e un elevato standard qualitativo. Per Stefan i numeri non sono un fine a s\u00e9 stante, ma uno strumento preciso per creare ordine e consentire decisioni fondate.\r\n\t<\/p>\r\n\r\n\t<p>\r\n\t\t<a href=\"#\" class=\"mri-toggle-link\" data-mri-toggle-target=\"mri-stefan-hidden\">Di pi\u00f9<\/a>\r\n\t<\/p>\r\n\t<div id=\"mri-stefan-hidden\" class=\"mri-hidden\">\r\n\t\t<p>\r\n\t\t\tAnche nella vita privata Stefan punta sull\u2019equilibrio e sull\u2019ispirazione. Apprezza la buona compagnia e il tempo trascorso con gli amici, trova tranquillit\u00e0 durante le escursioni in montagna e vive la sua grande passione ballando il West Coast Swing. Quando il tempo lo consente, ama leggere un buon libro o visitare mostre d\u2019arte e spettacoli teatrali.\r\n\t\t<\/p>\r\n\t<\/div>\r\n<\/section>\r\n\r\n<section class=\"mri-credentials mri-padded\">\r\n\t<h2>Autorizzazioni &#038; Registrazioni<\/h2>\r\n\r\n\t<ul>\r\n\t\t<li>\r\n\t\t\tAutorizzazione ai sensi del \u00a7 34f del Codice dell\u2019Industria e del Commercio tedesco (Intermediazione di strumenti finanziari) Numero di registrazione <a href=\"https:\/\/www.vermittlerregister.info\/recherche?a=suche&#038;registernummer=D-F-155-PZJ1-10\" rel=\"nofollow noopener\" target=\"_blank\"><strong>D-F-155-PZJ1-10<\/strong><\/a>\r\n\t\t<\/li>\r\n\t\t<li>\r\n\t\t\tAutorizzazione ai sensi del \u00a7 34i del Codice dell\u2019Industria e del Commercio tedesco (Intermediazione di crediti immobiliari) Numero di registrazione <a href=\"https:\/\/www.vermittlerregister.info\/recherche?a=suche&#038;registernummer=D-W-155-IJ9K-16\" rel=\"nofollow noopener\" target=\"_blank\"><strong>D-W-155-IJ9K-16<\/strong><\/a>\r\n\t\t<\/li>\r\n\t<\/ul>\r\n<\/section>\r\n\r\n\r\n\r\n\r\n","protected":false},"excerpt":{"rendered":"<p>Stefan Schanderl CONTABILIT\u00c0 Stefan Schanderl, CONTABILIT\u00c0 Stefan porta nel suo lavoro quotidiano una vasta esperienza di vita e una forte [&hellip;]<\/p>\n","protected":false},"author":1,"featured_media":0,"parent":0,"menu_order":0,"comment_status":"closed","ping_status":"closed","template":"","meta":{"_locale":"it_IT","_original_post":"https:\/\/meine-renditeimmobilie.de\/?page_id=11530","footnotes":""},"folder":[100],"class_list":["post-11534","page","type-page","status-publish","hentry","it-IT"],"_links":{"self":[{"href":"https:\/\/meine-renditeimmobilie.de\/wp-json\/wp\/v2\/pages\/11534","targetHints":{"allow":["GET"]}}],"collection":[{"href":"https:\/\/meine-renditeimmobilie.de\/wp-json\/wp\/v2\/pages"}],"about":[{"href":"https:\/\/meine-renditeimmobilie.de\/wp-json\/wp\/v2\/types\/page"}],"author":[{"embeddable":true,"href":"https:\/\/meine-renditeimmobilie.de\/wp-json\/wp\/v2\/users\/1"}],"replies":[{"embeddable":true,"href":"https:\/\/meine-renditeimmobilie.de\/wp-json\/wp\/v2\/comments?post=11534"}],"version-history":[{"count":3,"href":"https:\/\/meine-renditeimmobilie.de\/wp-json\/wp\/v2\/pages\/11534\/revisions"}],"predecessor-version":[{"id":11555,"href":"https:\/\/meine-renditeimmobilie.de\/wp-json\/wp\/v2\/pages\/11534\/revisions\/11555"}],"wp:attachment":[{"href":"https:\/\/meine-renditeimmobilie.de\/wp-json\/wp\/v2\/media?parent=11534"}],"wp:term":[{"taxonomy":"folder","embeddable":true,"href":"https:\/\/meine-renditeimmobilie.de\/wp-json\/wp\/v2\/folder?post=11534"}],"curies":[{"name":"wp","href":"https:\/\/api.w.org\/{rel}","templated":true}]}}