{"id":7109,"date":"2024-05-06T14:11:01","date_gmt":"2024-05-06T12:11:01","guid":{"rendered":"https:\/\/meine-renditeimmobilie.de\/?page_id=7109"},"modified":"2026-03-05T15:49:44","modified_gmt":"2026-03-05T14:49:44","slug":"patrick-weiler","status":"publish","type":"page","link":"https:\/\/meine-renditeimmobilie.de\/it\/patrick-weiler\/","title":{"rendered":"Patrick Weiler"},"content":{"rendered":"<div class=\"mri-author-header\">\r\n\t<h1>Patrick Weiler<\/h1>\r\n\t<p>Responsabile dell&#8217;acquisto immobiliare e dell&#8217;ampliamento del portafoglio<\/p>\r\n\t<p>Autore a Meine-Renditeimmobilie<\/p>\r\n\t<a class=\"mri-linkedin-link\" target=\"_blank\" rel=\"nofollow noopener\" href=\"https:\/\/www.linkedin.com\/in\/patrick-weiler-0a7457162\/\">\r\n\t\t<img loading=\"lazy\" decoding=\"async\" src=\"\/u\/mri-L.png\" alt=\"Patrick Weiler su Linkedin\" class=\"mri-L mri-L-linkedin-color\" width=\"29\" height=\"31\">\r\n\t<\/a>\r\n\t<a class=\"mri-instagram-link\" target=\"_blank\" rel=\"nofollow noopener\" href=\"https:\/\/www.instagram.com\/patweiler\/\">\r\n\t\t<img loading=\"lazy\" decoding=\"async\" src=\"\/u\/mri-L.png\"  alt=\"Patrick Weiler su Instagram\" class=\"mri-L mri-L-instagram-color\" width=\"29\" height=\"31\">\r\n\t<\/a>\r\n<\/div>\r\n\r\n<script type=\"application\/ld+json\">\r\n{\r\n  \"@context\": \"https:\/\/schema.org\",\r\n  \"@type\": \"Person\",\r\n  \"@id\": \"https:\/\/meine-renditeimmobilie.de\/patrick-weiler\/#person\",\r\n  \"name\": \"Patrick Weiler\",\r\n  \"url\": \"https:\/\/meine-renditeimmobilie.de\/it\/patrick-weiler\/\",\r\n  \"jobTitle\": \"Responsabile dell'acquisto immobiliare e dell'ampliamento del portafoglio\",\r\n  \"worksFor\": {\r\n    \"@type\": \"Organization\",\r\n    \"@id\": \"https:\/\/meine-renditeimmobilie.de\/#organization\",\r\n    \"name\": \"Meine-Renditeimmobilie GmbH\",\r\n    \"url\": \"https:\/\/meine-renditeimmobilie.de\/\"\r\n  },\r\n  \"hasCredential\": [\r\n\t{\r\n      \"@type\": \"EducationalOccupationalCredential\",\r\n      \"credentialCategory\": \"professional license\",\r\n      \"name\": \"Autorizzazione ai sensi del \u00a7 34i GewO\",\r\n      \"recognizedBy\": { \r\n\t  \t\"@type\": \"Organization\", \r\n\t\t\"name\": \"Camera di commercio e industria di Monaco e dell'Alta Baviera (IHK f\u00fcr M\u00fcnchen und Oberbayern)\" \r\n\t  }\r\n    }\r\n  ]\r\n}\r\n<\/script>\r\n\r\n<section class=\"mri-padded mri-author-bio\">\r\n\t<figure>\r\n\t\t<img loading=\"lazy\" decoding=\"async\" src=\"https:\/\/meine-renditeimmobilie.de\/u\/patrickw-513x342-1-jpg.webp\" alt=\"Amministratore delegato delle acquisizioni immobiliari e dell'espansione del portafoglio\" width=\"513\" height=\"342\"> \r\n\t\t<figcaption>Patrick Weiler, Amministratore delegato delle acquisizioni immobiliari e dell&#8217;espansione del portafoglio<\/figcaption>\r\n\t<\/figure>\r\n\t<p>\r\n\t\tCon obiettivi specifici in mente e sempre desideroso di raggiungerli in modo indipendente, Patrick si \u00e8 dedicato al lavoro autonomo nella consulenza sugli investimenti dopo tre corsi di formazione nel campo della finanza nel 2013. Nel 2017, insieme ai suoi due fratelli Christoph e Fabian e al loro comune amico Ferdinand Guggenberger, ha fondato Meine-Renditeimmobilie.de &#8211; il pioniere digitale nel settore degli immobili come investimento.\r\n\t<\/p>\r\n\t<p>\r\n\t\tNel 2019 viene fondata Meine-Immodeveloper GmbH, specializzata nello sviluppo di immobili esistenti in tutta la Germania.\r\n\t<\/p>\r\n\r\n\t<p>\r\n\t\t<a href=\"#\" class=\"mri-toggle-link\" data-mri-toggle-target=\"mri-patrick-hidden\">Continua<\/a>\r\n\t<\/p>\r\n\t<div id=\"mri-patrick-hidden\" class=\"mri-hidden\">\r\n\t\t<p>\r\n\t\t\tInizialmente lavorando come socio dirigente nel settore dell&#8217;acquisizione di immobili e della costruzione di portafogli con l&#8217;obiettivo principale di supportare i singoli clienti, Patrick ha dato un volto alla gestione complessiva dal 2022 e si \u00e8 particolarmente dedicato alla strategia e allo sviluppo delle aziende.\r\n\t\t<\/p>\r\n\t\t<p>\r\n\t\t\tNato e cresciuto nella bellissima Toscana, Patrick ha maturato una precoce esperienza nei settori del godimento della vita, della cucina e della dolce vita.\r\n\t\t<\/p>\r\n\t\t<p>\r\n\t\t\tQuindi non sorprende che si senta pi\u00f9 a suo agio con i suoi cari.\r\n\t\t<\/p>\r\n\t\t<p>\r\n\t\t\tL&#8217;orgoglio e la gioia di Patrick \u00e8 la sua piccola famiglia, composta dalla moglie Anna e dal figlio Levi.\r\n\t\t<\/p>\r\n\t\t<p>\r\n\t\t\tPatrick \u00e8 noto per le sue eccezionali capacit\u00e0 alla griglia. Quando non coccola i suoi amici e la sua famiglia con prelibatezze e ottimi drink, \u00e8 sempre in giro a fare sport. Che si tratti di calcio, tennis o golf, Patrick \u00e8 sempre in movimento.\r\n\t\t<\/p>\r\n\t\t<p>\r\n\t\t\tUn&#8217;altra delle passioni di Patrick \u00e8 la politica, alla quale dedica anima e cuore.\r\n\t\t<\/p>\r\n\t<\/div>\r\n<\/section>\r\n\r\n<section class=\"mri-credentials mri-padded\">\r\n\t<h2>Autorizzazioni &#038; Registrazioni<\/h2>\r\n\r\n\t<ul>\r\n\t\t<!--<li>Autorizzazione ai sensi del \u00a7 34f del Codice dell\u2019Industria e del Commercio tedesco (GewO) (Intermediazione di strumenti finanziari)<\/li>-->\r\n\t\t<li>\r\n\t\t\tAutorizzazione ai sensi del \u00a7 34i del Codice dell\u2019Industria e del Commercio tedesco (GewO) (Intermediazione di crediti immobiliari) Numero di registrazione: <a href=\"https:\/\/www.vermittlerregister.info\/recherche?a=suche&#038;registernummer=D-W-155-M489-39\" rel=\"nofollow noopener\" target=\"_blank\"><strong>D-W-155-M489-39<\/strong><\/a> \r\n\t\t<\/li>\r\n\t<\/ul>\r\n<\/section>\r\n\r\n<section class=\"mri-padded mri-author-index\">\r\n\t<h2>Articoli di Patrick Weiler<\/h2>\r\n\t<div class=\"mri-grid-260\">\r\n\t\t<a href=\"https:\/\/meine-renditeimmobilie.de\/it\/bitcoin-come-investimento-di-capitale-opportunita-e-rischi\/\"><h3>Bitcoin come investimento di capitale \u2013 opportunit\u00e0 e rischi<\/h3><time datetime=\"2026-03-17\">17.03.2026<\/time><\/a><a href=\"https:\/\/meine-renditeimmobilie.de\/it\/loan-to-value-perche-il-suo-immobile-vale-meno-per-la-banca\/\"><h3>Loan-to-Value \u2013 Perch\u00e9 il Suo immobile vale meno per la banca<\/h3><time datetime=\"2026-02-26\">26.02.2026<\/time><\/a><a href=\"https:\/\/meine-renditeimmobilie.de\/it\/diritto-di-superficie-enfiteusi-dal-punto-di-vista-dellacquirente-conviene-un-immobile-su-terreno-in-diritto-di-superficie-rispetto-allaffitto\/\"><h3>Diritto di superficie (enfiteusi) dal punto di vista dell\u2019acquirente: Conviene un immobile su terreno in diritto di superficie rispetto all\u2019affitto?<\/h3><time datetime=\"2026-01-30\">30.01.2026<\/time><\/a><a href=\"https:\/\/meine-renditeimmobilie.de\/it\/trascrizione-prenotativa-auflassungsvormerkung-nellacquisto-immobiliare-significato-durata-costi-procedura-e-casi-particolari\/\"><h3>Trascrizione prenotativa (Auflassungs&shy;vormerkung) nell\u2019acquisto immobiliare: significato, durata, costi, procedura e casi particolari<\/h3><time datetime=\"2026-01-27\">27.01.2026<\/time><\/a><a href=\"https:\/\/meine-renditeimmobilie.de\/it\/imposta-sulla-speculazione-e-periodo-di-speculazione-sugli-immobili\/\"><h3>Imposta sulla Speculazione e Periodo di Speculazione sugli Immobili<\/h3><time datetime=\"2025-08-20\">20.08.2025<\/time><\/a><a href=\"https:\/\/meine-renditeimmobilie.de\/it\/quali-azioni-comprare-oltre-40-azioni-ad-alto-rendimento-con-triangolo-dei-rendimenti\/\"><h3>Quali azioni comprare: oltre 40 azioni ad alto rendimento con triangolo dei rendimenti<\/h3><time datetime=\"2025-08-18\">18.08.2025<\/time><\/a><a href=\"https:\/\/meine-renditeimmobilie.de\/it\/rolex-come-investimento-la-datejust-la-submariner-co-sono-un-buon-investimento\/\"><h3>Rolex come investimento \u2013 La Datejust, la Submariner &#038; Co sono un buon investimento?<\/h3><time datetime=\"2025-07-07\">07.07.2025<\/time><\/a><a href=\"https:\/\/meine-renditeimmobilie.de\/it\/investimento\/\"><h3>Il miglior investimento del momento? Raccomandiamo propriet\u00e0 ed ETF<\/h3><time datetime=\"2025-06-27\">27.06.2025<\/time><\/a><a href=\"https:\/\/meine-renditeimmobilie.de\/it\/come-trump-ci-insegna-il-patriottismo-azioni-ue-in-ascesa\/\"><h3>Come Trump Ci Insegna il Patriottismo \u2013 Azioni UE in Ascesa<\/h3><time datetime=\"2025-03-06\">06.03.2025<\/time><\/a><a href=\"https:\/\/meine-renditeimmobilie.de\/it\/meine-immoentwickler-acquisisce-40-appartamenti-a-monaco-ovest-per-una-riqualificazione-sostenibile\/\"><h3>Meine-Immoentwickler acquisisce 40 appartamenti a Monaco-Ovest per una riqualificazione sostenibile<\/h3><time datetime=\"2025-03-05\">05.03.2025<\/time><\/a><a href=\"https:\/\/meine-renditeimmobilie.de\/it\/raggiunto-il-picco-il-crollo-della-borsa-arrivera-nel-2025\/\"><h3>Raggiunto il picco? Il crollo della borsa arriver\u00e0 nel 2025?<\/h3><time datetime=\"2025-02-24\">24.02.2025<\/time><\/a><a href=\"https:\/\/meine-renditeimmobilie.de\/it\/legge-sul-riscaldamento-in-bilico-conviene-richiedere-subito-i-finanziamenti\/\"><h3>Legge sul riscaldamento in bilico: Conviene richiedere subito i finanziamenti?<\/h3><time datetime=\"2025-02-13\">13.02.2025<\/time><\/a><a href=\"https:\/\/meine-renditeimmobilie.de\/it\/diritto-di-prelazione-sugli-immobili\/\"><h3>Diritto di prelazione sugli immobili<\/h3><time datetime=\"2025-02-06\">06.02.2025<\/time><\/a><a href=\"https:\/\/meine-renditeimmobilie.de\/it\/azioni-singole-invece-di-etf-strategia-semplice-per-investire-in-azioni\/\"><h3>Azioni singole invece di ETF: Strategia semplice per investire in azioni<\/h3><time datetime=\"2024-12-20\">20.12.2024<\/time><\/a><a href=\"https:\/\/meine-renditeimmobilie.de\/it\/azioni-singole-selezionate-tramite-il-triangolo-dei-rendimenti-criterio-principale-storia-a-colpo-d-occhio\/\"><h3>Azioni singole selezionate tramite il triangolo dei rendimenti: Criterio principale &#8220;storia&#8221; a colpo d&#8217;occhio<\/h3><time datetime=\"2024-12-18\">18.12.2024<\/time><\/a><a href=\"https:\/\/meine-renditeimmobilie.de\/it\/stock-picking-come-selezioniamo-le-azioni-attraenti\/\"><h3>Stock Picking: Come Selezioniamo le Azioni Attraenti<\/h3><time datetime=\"2024-12-06\">06.12.2024<\/time><\/a><a href=\"https:\/\/meine-renditeimmobilie.de\/it\/azioni-o-immobili\/\"><h3>Azioni o immobili: quale \u00e8 pi\u00f9 sicuro, quale genera rendimenti pi\u00f9 elevati?<\/h3><time datetime=\"2024-11-26\">26.11.2024<\/time><\/a><a href=\"https:\/\/meine-renditeimmobilie.de\/it\/le-azioni-a-dividendo-danneggiano-i-rendimenti-ma-sono-comunque-molto-popolari\/\"><h3>Le azioni a dividendo danneggiano i rendimenti, ma sono comunque molto popolari<\/h3><time datetime=\"2024-11-21\">21.11.2024<\/time><\/a><a href=\"https:\/\/meine-renditeimmobilie.de\/it\/dove-acquistare-azioni-confronto-tra-fornitori-di-conti-titoli\/\"><h3>Dove acquistare azioni: Confronto tra fornitori di conti titoli<\/h3><time datetime=\"2024-10-29\">29.10.2024<\/time><\/a><a href=\"https:\/\/meine-renditeimmobilie.de\/it\/vendere-casa-vendere-un-immobile-ad-una-societa\/\"><h3>Vendere casa: vendere un immobile ad una societ\u00e0<\/h3><time datetime=\"2024-04-30\">30.04.2024<\/time><\/a><a href=\"https:\/\/meine-renditeimmobilie.de\/it\/immobili-come-previdenza-pensionistica\/\"><h3>Locazione di un immobile liquidato come previdenza per la vecchiaia<\/h3><time datetime=\"2024-04-24\">24.04.2024<\/time><\/a><a href=\"https:\/\/meine-renditeimmobilie.de\/it\/crollo-della-borsa\/\"><h3>Nessun crollo del mercato azionario nel 2023: I prezzi delle azioni scenderanno nel 2024?<\/h3><time datetime=\"2024-04-03\">03.04.2024<\/time><\/a><a href=\"https:\/\/meine-renditeimmobilie.de\/it\/gestione-della-proprieta\/\"><h3>Gestione degli immobili: costi per la gestione degli immobili WEG e SEV<\/h3><time datetime=\"2023-12-12\">12.12.2023<\/time><\/a><a href=\"https:\/\/meine-renditeimmobilie.de\/it\/un-milione-di-euro\/\"><h3>Cosa fare con i soldi: qual \u00e8 il modo migliore per investire un milione di euro?<\/h3><time datetime=\"2023-11-07\">07.11.2023<\/time><\/a><a href=\"https:\/\/meine-renditeimmobilie.de\/it\/triangolo-magico-degli-investimenti\/\"><h3>Spiegato in modo semplice e con esempi: Il triangolo magico degli investimenti<\/h3><time datetime=\"2023-11-03\">03.11.2023<\/time><\/a><a href=\"https:\/\/meine-renditeimmobilie.de\/it\/investire-in-modo-sostenibile\/\"><h3>Investire in modo sostenibile: Investimenti verdi o greenwashing?<\/h3><time datetime=\"2023-10-18\">18.10.2023<\/time><\/a><a href=\"https:\/\/meine-renditeimmobilie.de\/it\/investire-soldi-per-i-bambini\/\"><h3>Investire denaro per i bambini: Come risparmiare per figli e nipoti?<\/h3><time datetime=\"2023-10-18\">18.10.2023<\/time><\/a><a href=\"https:\/\/meine-renditeimmobilie.de\/it\/bolla-immobiliare\/\"><h3>C&#8217;\u00e8 una bolla immobiliare in Germania e quando scoppier\u00e0?<\/h3><time datetime=\"2023-10-18\">18.10.2023<\/time><\/a><a href=\"https:\/\/meine-renditeimmobilie.de\/it\/proprieta-elencate\/\"><h3>Ammortamento del monumento: ammortamento per gli immobili classificati<\/h3><time datetime=\"2022-04-22\">22.04.2022<\/time><\/a><a href=\"https:\/\/meine-renditeimmobilie.de\/it\/recessione\/\"><h3>Recessione in Germania: significato per i cittadini e l&#8217;economia<\/h3><time datetime=\"2022-02-10\">10.02.2022<\/time><\/a><a href=\"https:\/\/meine-renditeimmobilie.de\/it\/acquistare-un-immobile-da-investimento\/\"><h3>Acquistare un immobile da investimento: Casa e appartamento come investimento immobiliare<\/h3><time datetime=\"2021-12-20\">20.12.2021<\/time><\/a>\r\n\t\t\t<\/div>\r\n\r\n<\/section>\r\n\r\n\r\n\r\n\r\n\r\n\r\n\r\n\r\n","protected":false},"excerpt":{"rendered":"<p>Patrick Weiler Responsabile dell&#8217;acquisto immobiliare e dell&#8217;ampliamento del portafoglio Autore a Meine-Renditeimmobilie Patrick Weiler, Amministratore delegato delle acquisizioni immobiliari e [&hellip;]<\/p>\n","protected":false},"author":1,"featured_media":0,"parent":0,"menu_order":0,"comment_status":"closed","ping_status":"closed","template":"","meta":{"_locale":"it_IT","_original_post":"https:\/\/meine-renditeimmobilie.de\/?page_id=4931","footnotes":""},"folder":[100],"class_list":["post-7109","page","type-page","status-publish","hentry","it-IT"],"_links":{"self":[{"href":"https:\/\/meine-renditeimmobilie.de\/wp-json\/wp\/v2\/pages\/7109","targetHints":{"allow":["GET"]}}],"collection":[{"href":"https:\/\/meine-renditeimmobilie.de\/wp-json\/wp\/v2\/pages"}],"about":[{"href":"https:\/\/meine-renditeimmobilie.de\/wp-json\/wp\/v2\/types\/page"}],"author":[{"embeddable":true,"href":"https:\/\/meine-renditeimmobilie.de\/wp-json\/wp\/v2\/users\/1"}],"replies":[{"embeddable":true,"href":"https:\/\/meine-renditeimmobilie.de\/wp-json\/wp\/v2\/comments?post=7109"}],"version-history":[{"count":8,"href":"https:\/\/meine-renditeimmobilie.de\/wp-json\/wp\/v2\/pages\/7109\/revisions"}],"predecessor-version":[{"id":11551,"href":"https:\/\/meine-renditeimmobilie.de\/wp-json\/wp\/v2\/pages\/7109\/revisions\/11551"}],"wp:attachment":[{"href":"https:\/\/meine-renditeimmobilie.de\/wp-json\/wp\/v2\/media?parent=7109"}],"wp:term":[{"taxonomy":"folder","embeddable":true,"href":"https:\/\/meine-renditeimmobilie.de\/wp-json\/wp\/v2\/folder?post=7109"}],"curies":[{"name":"wp","href":"https:\/\/api.w.org\/{rel}","templated":true}]}}