{"id":7127,"date":"2024-05-06T15:12:23","date_gmt":"2024-05-06T13:12:23","guid":{"rendered":"https:\/\/meine-renditeimmobilie.de\/?page_id=7127"},"modified":"2024-05-06T16:57:51","modified_gmt":"2024-05-06T14:57:51","slug":"protezione-dati","status":"publish","type":"page","link":"https:\/\/meine-renditeimmobilie.de\/it\/protezione-dati\/","title":{"rendered":"Protezione Dati"},"content":{"rendered":"<section class=\"mri-padded\">\r\n\r\n\t<h1>Protezione Dati<\/h1>\r\n\r\n\r\n\t<h2>1. Protezione dei dati in breve<\/h2>\r\n\r\n\r\n\t<h3>Informazioni generali<\/h3>\r\n\r\n\t<p>\r\n\t\tLe seguenti informazioni forniscono una semplice panoramica di ci\u00f2 che accade ai tuoi dati personali quando visiti il nostro sito web. I dati personali sono tutti i dati che possono essere utilizzati per identificarti personalmente. Informazioni dettagliate sul tema della protezione dei dati si trovano nella nostra dichiarazione sulla protezione dei dati riportata sotto questo testo.\r\n\t<\/p>\r\n\r\n\t<h3>Raccolta dati sul nostro sito web<\/h3>\r\n\r\n\t<p>\r\n\t\t<strong>Chi \u00e8 responsabile della raccolta dei dati su questo sito web?<\/strong>\r\n\t<\/p>\r\n\t<p>\r\n\t\tIl trattamento dei dati su questo sito web viene effettuato dal gestore del sito web. Potete trovare i loro dettagli di contatto nell&#8217;impronta di questo sito web.\r\n\t<\/p>\r\n\r\n\t<p>\r\n\t\t<strong>Come raccogliamo i tuoi dati?<\/strong>\r\n\t<\/p>\r\n\t<p>\r\n\t\tDa un lato, i tuoi dati vengono raccolti quando ce li fornisci. Questo pu\u00f2 essere ad es. Potrebbero trattarsi, ad esempio, dei dati che inserisci in un modulo di contatto.\r\n\t<\/p>\r\n\t<p>\r\n\t\tAltri dati vengono raccolti automaticamente dai nostri sistemi IT quando visitate il sito web. Si tratta principalmente di dati tecnici (ad es. browser Internet, sistema operativo o ora di accesso alla pagina). Questi dati vengono raccolti automaticamente non appena si accede al nostro sito web.\r\n\t<\/p>\r\n\r\n\t<p>\r\n\t\t<strong>Per cosa utilizziamo i tuoi dati?<\/strong>\r\n\t<\/p>\r\n\t<p>\r\n\t\tAlcuni dati vengono raccolti per garantire che il sito web sia fornito senza errori. Altri dati possono essere utilizzati per analizzare il comportamento dell&#8217;utente.\r\n\t<\/p>\r\n\r\n\t<p>\r\n\t\t<strong>Quali diritti hai riguardo ai tuoi dati?<\/strong>\r\n\t<\/p>\r\n\t<p>\r\n\t\tAvete il diritto di ricevere in qualsiasi momento e gratuitamente informazioni sull&#8217;origine, il destinatario e lo scopo dei vostri dati personali memorizzati. Hai anche il diritto di richiedere che questi dati vengano corretti, bloccati o cancellati. Potete contattarci in qualsiasi momento all&#8217;indirizzo indicato nelle note legali se avete ulteriori domande sulla protezione dei dati. Hai inoltre il diritto di proporre reclamo all&#8217;autorit\u00e0 di controllo competente.\r\n\t<\/p>\r\n\t<p>\r\n\t\tHai anche il diritto di richiedere che il trattamento dei tuoi dati personali sia limitato in determinate circostanze. I dettagli si trovano nella dichiarazione sulla protezione dei dati alla voce \u201cDiritto alla limitazione del trattamento\u201d.\r\n\t<\/p>\r\n\r\n\t<h3>Strumenti di analisi e strumenti di terze parti<\/h3>\r\n\r\n\t<p>\r\n\t\tQuando visiti il nostro sito web, il tuo comportamento di navigazione pu\u00f2 essere valutato statisticamente. Ci\u00f2 avviene soprattutto con i cookie e con i cosiddetti programmi di analisi. L&#8217;analisi del tuo comportamento di navigazione \u00e8 solitamente anonima; il comportamento di navigazione non pu\u00f2 essere ricondotto a te.\r\n\t<\/p>\r\n\r\n\t<p>\r\n\t\tPuoi opporti a questa analisi o impedirla non utilizzando determinati strumenti. Informazioni dettagliate su questi strumenti e sulle possibilit\u00e0 di opposizione si trovano nella seguente dichiarazione sulla protezione dei dati.\r\n\t<\/p>\r\n\r\n\t<h2>2. Informazioni generali e informazioni obbligatorie<\/h2>\r\n\r\n\t<h3>Protezione dei dati<\/h3>\r\n\r\n\t<p>\r\n\t\tGli operatori di questi siti prendono molto sul serio la protezione dei vostri dati personali. Trattiamo i vostri dati personali in modo confidenziale e in conformit\u00e0 con le norme legali sulla protezione dei dati e con la presente dichiarazione sulla protezione dei dati.\r\n\t<\/p>\r\n\t<p>\r\n\t\tQuando si utilizza questo sito Web, vengono raccolti diversi dati personali. I dati personali sono dati che possono essere utilizzati per identificarti personalmente. Questa dichiarazione sulla protezione dei dati spiega quali dati raccogliamo e per cosa li utilizziamo. Spiega anche come e per quale scopo ci\u00f2 avviene.\r\n\t<\/p>\r\n\t<p>\r\n\t\tDesideriamo sottolineare che la trasmissione di dati su Internet (ad esempio durante la comunicazione via e-mail) pu\u00f2 presentare lacune in termini di sicurezza. Una protezione completa dei dati dall&#8217;accesso di terzi non \u00e8 possibile.\r\n\t<\/p>\r\n\r\n\t<h3>Nota sull&#8217;organismo responsabile<\/h3>\r\n\t<p>\r\n\t\tL\u2019organismo responsabile del trattamento dei dati su questo sito web \u00e8:\r\n\t<\/p>\r\n\t<p>\r\n\t\tMeine-Renditeimmobilie GmbH<br>\r\n\t\tLudwig-Ganghofer-Stra\u00dfe 4<br>\r\n\t\t82031 Gr\u00fcnwald\r\n\t<\/p>\r\n\t<p>\r\n\t\tTel: (089) 125093 30<br>\r\n\t\tE-Mail: info@meine-renditeimmobilie.de\r\n\t<\/p>\r\n\t<p>\r\n\t\tL&#8217;organismo responsabile \u00e8 la persona fisica o giuridica che, da sola o insieme ad altri, decide in merito alle finalit\u00e0 e ai mezzi del trattamento dei dati personali (ad esempio nomi, indirizzi e-mail, ecc.).\r\n\t<\/p>\r\n\r\n\t<h3>Revoca del consenso al trattamento dei dati<\/h3>\r\n\t<p>\r\n\t\tMolte operazioni di trattamento dei dati sono possibili solo con il tuo esplicito consenso. Potrai revocare in qualsiasi momento i consensi gi\u00e0 prestati. Tutto quello che devi fare \u00e8 inviarci un&#8217;e-mail informale. La liceit\u00e0 del trattamento dei dati effettuato fino alla revoca resta inalterata dalla revoca stessa.\r\n\t<\/p>\r\n\r\n\t<h3>Diritto di opporsi alla raccolta dei dati in casi particolari e alla pubblicit\u00e0 diretta (Art. 21 GDPR)<\/h3>\r\n\t<p>\r\n\t\tSe il trattamento dei dati viene effettuato sulla base dell&#8217;articolo 6 paragrafo 1 lettera e o f GDPR, avete il diritto di opporvi in qualsiasi momento al trattamento dei vostri dati personali per motivi derivanti dalla vostra situazione particolare; Ci\u00f2 vale anche per la profilazione basata su queste disposizioni. La rispettiva base giuridica su cui si basa il trattamento \u00e8 riportata nella presente dichiarazione sulla protezione dei dati. Se vi opponete, non tratteremo pi\u00f9 i vostri dati personali interessati, a meno che non siamo in grado di dimostrare validi motivi legittimi per procedere al trattamento che prevalgono sui vostri interessi, diritti e libert\u00e0 o se il trattamento serve a far valere, esercitare o difendere diritti legali ( Obiezione ai sensi dell&#8217;art. 21 paragrafo 1 GDPR).\r\n\t<\/p>\r\n\t<p>\r\n\t\tSe i tuoi dati personali vengono trattati a fini di pubblicit\u00e0 diretta, hai il diritto di opporti in qualsiasi momento al trattamento dei dati personali che ti riguardano ai fini di tale pubblicit\u00e0; Ci\u00f2 vale anche per la profilazione nella misura in cui \u00e8 collegata a tale pubblicit\u00e0 diretta. Se vi opponete, i vostri dati personali non verranno pi\u00f9 utilizzati per scopi pubblicitari diretti (opposizione ai sensi dell&#8217;art. 21 par. 2 GDPR).\r\n\t<\/p>\r\n\r\n\t<h3>Diritto di presentare reclamo all&#8217;autorit\u00e0 di controllo competente<\/h3>\r\n\t<p>\r\n\t\tIn caso di violazione del GDPR, gli interessati hanno il diritto di proporre reclamo a un&#8217;autorit\u00e0 di controllo, segnatamente nello Stato membro in cui risiedono abitualmente, lavorano o del luogo della presunta violazione. Il diritto di proporre reclamo sussiste fatti salvi eventuali altri rimedi amministrativi o giurisdizionali.\r\n\t<\/p>\r\n\r\n\t<h3>Diritto alla portabilit\u00e0 dei dati<\/h3>\r\n\t<p>\r\n\t\tHai il diritto di far s\u00ec che i dati che trattiamo automaticamente in base al tuo consenso o in adempimento di un contratto siano consegnati a te o a terzi in un formato comune e leggibile da una macchina. Se richiedete che i dati vengano trasferiti direttamente a un altro responsabile, ci\u00f2 avverr\u00e0 solo se tecnicamente fattibile.\r\n\t<\/p>\r\n\r\n\t<h3>Crittografia SSL o TLS<\/h3>\r\n\t<p>\r\n\t\tQuesto sito utilizza la crittografia SSL o TLS per motivi di sicurezza e per proteggere la trasmissione di contenuti riservati, come ordini o richieste che ci invii come operatore del sito. Potete riconoscere una connessione crittografata dalla riga dell&#8217;indirizzo del browser che cambia da &#8220;http:\/\/&#8221; a &#8220;https:\/\/&#8221; e dal simbolo del lucchetto nella riga del browser.\r\n\t<\/p>\r\n\t<p>\r\n\t\tSe la crittografia SSL o TLS \u00e8 attivata, i dati che ci trasmettete non possono essere letti da terzi.\r\n\t<\/p>\r\n\r\n\t<h3>Informazioni, blocco, cancellazione e correzione<\/h3>\r\n\t<p>\r\n\t\tNell&#8217;ambito delle disposizioni di legge applicabili avete il diritto in qualsiasi momento di essere informati gratuitamente sui vostri dati personali memorizzati, sulla loro origine, sul destinatario e sullo scopo del trattamento dei dati e, se necessario, il diritto di correggere, bloccare o cancellare tali dati. . Potete contattarci in qualsiasi momento all&#8217;indirizzo indicato nelle note legali a questo scopo o per ulteriori domande in materia di dati personali.\r\n\t<\/p>\r\n\r\n\t<h3>Diritto alla limitazione del trattamento<\/h3\r\n\t<p>\r\n\t\tHai il diritto di richiedere che il trattamento dei tuoi dati personali sia limitato. Potete contattarci in qualsiasi momento all&#8217;indirizzo indicato nelle note legali. Il diritto alla limitazione del trattamento sussiste nei seguenti casi:\r\n\t<\/p>\r\n\t<ul>\r\n\t\t<li>\r\n\t\t\tSe contesti l&#8217;accuratezza dei dati personali che conserviamo su di te, generalmente avremo bisogno di tempo per verificarlo. Per la durata della revisione, hai il diritto di richiedere che il trattamento dei tuoi dati personali sia limitato.\r\n\t\t<\/li>\r\n\t\t<li>\r\n\t\t\tSe il trattamento dei tuoi dati personali \u00e8 avvenuto\/\u00e8 avvenuto in modo illegale, puoi richiedere che il trattamento dei dati venga limitato anzich\u00e9 cancellato.\r\n\t\t<\/li>\r\n\t\t<li>\r\n\t\t\tSe non abbiamo pi\u00f9 bisogno dei tuoi dati personali, ma ne hai bisogno per esercitare, difendere o far valere diritti legali, hai il diritto di richiedere che il trattamento dei tuoi dati personali sia limitato anzich\u00e9 cancellato.\r\n\t\t<\/li>\r\n\t\t<li>\r\n\t\t\tSe avete presentato un&#8217;opposizione ai sensi dell&#8217;articolo 21, paragrafo 1 GDPR, \u00e8 necessario trovare un equilibrio tra i vostri interessi e i nostri. Finch\u00e9 non \u00e8 ancora chiaro quali interessi prevalgano, hai il diritto di richiedere che il trattamento dei tuoi dati personali sia limitato.\r\n\t\t<\/li>\r\n\t\t<li>\r\n\t\t\tSe avete limitato il trattamento dei vostri dati personali, questi dati \u2013 a parte la loro archiviazione \u2013 possono essere utilizzati solo con il vostro consenso o per far valere, esercitare o difendere diritti legali o per proteggere i diritti di un&#8217;altra persona fisica o giuridica o per motivi di importante interesse pubblico dell\u2019Unione Europea o di uno Stato membro.\r\n\t\t<\/li>\r\n\t<\/ul>\r\n\r\n\t<h3>Obiezione alle e-mail pubblicitarie<\/h3>\r\n\t<p>\r\n\t\tCon la presente si contesta l&#8217;utilizzo dei dati di contatto pubblicati nell&#8217;ambito dell&#8217;obbligo di colophon per l&#8217;invio di materiale pubblicitario e informativo non richiesto. Gli operatori delle pagine si riservano espressamente il diritto di intraprendere azioni legali in caso di invio di informazioni pubblicitarie non richieste, come ad esempio e-mail di spam.\r\n\t<\/p>\r\n\r\n\t<h2>3. Raccolta dati sul nostro sito web<\/h2>\r\n\r\n\t<h3>Cookie<\/h3>\r\n\t<p>\r\n\t\tAlcuni siti web utilizzano i cosiddetti cookie. I cookie non causano alcun danno al tuo computer e non contengono virus. I cookie servono a rendere la nostra offerta pi\u00f9 user-friendly, efficace e sicura. I cookie sono piccoli file di testo che vengono memorizzati sul tuo computer e che il tuo browser salva.\r\n\t<\/p>\r\n\t<p>\r\n\t\tLa maggior parte dei cookie da noi utilizzati sono i cosiddetti \u201ccookie di sessione\u201d. Vengono automaticamente cancellati dopo la tua visita. Altri cookie rimangono memorizzati sul tuo dispositivo finch\u00e9 non li elimini. Questi cookie ci consentono di riconoscere il tuo browser la prossima volta che visiti.\r\n\t<\/p>\r\n\t<p>\r\n\t\tPotete impostare il vostro browser in modo da essere informati sull&#8217;impostazione dei cookie e consentire i cookie solo in singoli casi, escludere l&#8217;accettazione dei cookie in determinati casi o in generale e attivare la cancellazione automatica dei cookie alla chiusura del browser. Se i cookie vengono disattivati, la funzionalit\u00e0 di questo sito web potrebbe essere limitata.\r\n\t<\/p>\r\n\t<p>\r\n\t\tI cookie necessari per eseguire il processo di comunicazione elettronica o per fornire determinate funzioni richieste (ad esempio la funzione del carrello) vengono memorizzati sulla base dell&#8217;art. 6 par. 1 lett. Il gestore del sito web ha un interesse legittimo a memorizzare i cookie per fornire i propri servizi in modo tecnicamente privo di errori e ottimizzato. Se vengono memorizzati altri cookie (ad es. cookie per analizzare il comportamento di navigazione), questi verranno trattati separatamente nella presente dichiarazione sulla protezione dei dati.\r\n\t<\/p>\r\n\r\n\t<h3>Modulo di contatto<\/h3>\r\n\t<p>\r\n\t\tSe ci invii richieste tramite il <a href=\"\/it\/contatto\/\">modulo di contatto<\/a>, verranno utilizzati i tuoi dati dal modulo di richiesta, compresi i dettagli di contatto che hai fornito l\u00ec. per elaborare la richiesta e archiviarli presso di noi in caso di domande successive. Non trasmetteremo questi dati senza il tuo consenso.\r\n\t<\/p>\r\n\t<p>\r\n\t\tI dati inseriti nel modulo di contatto vengono quindi trattati esclusivamente sulla base del vostro consenso (art. 6 par. 1 lett. a GDPR). Puoi revocare questo consenso in qualsiasi momento. Tutto quello che devi fare \u00e8 inviarci un&#8217;e-mail informale. La revoca non pregiudica la liceit\u00e0 dei trattamenti effettuati fino al momento della revoca.\r\n\t<\/p>\r\n\t<p>\r\n\t\tI dati da voi inseriti nel modulo di contatto rimarranno con noi finch\u00e9 non ne richiederete la cancellazione, non revocherete il vostro consenso alla memorizzazione o finch\u00e9 lo scopo della memorizzazione dei dati non sar\u00e0 pi\u00f9 valido (ad esempio dopo che la vostra richiesta sar\u00e0 stata elaborata). Le disposizioni legali obbligatorie \u2013 in particolare i termini di conservazione \u2013 rimangono inalterate.\r\n\t<\/p>\r\n\r\n\t<h3>Richiesta via e-mail, telefono o fax<\/h3>\r\n\t<p>\r\n\t\tSe ci contatti via e-mail, telefono o fax, la tua richiesta, compresi tutti i dati personali risultanti (nome, richiesta), verr\u00e0 archiviata ed elaborata da noi allo scopo di elaborare la tua richiesta. Non trasmetteremo questi dati senza il tuo consenso.\r\n\t<\/p>\r\n\t<p>\r\n\t\tQuesti dati vengono trattati sulla base dell&#8217;art. 6 par. 1 lett. b GDPR, a condizione che la vostra richiesta sia correlata all&#8217;adempimento di un contratto o sia necessaria per l&#8217;esecuzione di misure precontrattuali. In tutti gli altri casi, il trattamento si basa sul vostro consenso (art. 6 cpv. 1 lett. a GDPR) e\/o sui nostri interessi legittimi (art. 6 cpv. 1 lett. f GDPR), poich\u00e9 abbiamo un interesse legittimo nelle effettive richieste di elaborazione inviateci.\r\n\t<\/p>\r\n\t<p>\r\n\t\tI dati che ci inviate tramite richieste di contatto rimarranno con noi fino a quando non ci chiederete di cancellarli, revocherete il vostro consenso alla memorizzazione o lo scopo della memorizzazione dei dati non sar\u00e0 pi\u00f9 valido (ad esempio dopo che la vostra richiesta \u00e8 stata elaborata). Le disposizioni legali obbligatorie \u2013 in particolare i termini di conservazione previsti dalla legge \u2013 rimangono inalterate.\r\n\t<\/p>\r\n\t<h3>Cookie di marketing<\/h3>\r\n\t<p>\r\n\t\tI cookie di marketing vengono utilizzati per creare profili comportamentali degli utenti (ad esempio banner pubblicitari cliccati, siti web visitati, query di ricerca effettuate) e per mostrarti pubblicit\u00e0 o offerte personalizzate in base ai tuoi interessi (&#8220;pubblicit\u00e0 basata sugli interessi&#8221;). Elaboriamo questi dati in base al tuo consenso. In questo contesto utilizziamo strumenti software in particolare per offrire pagine di destinazione, inviare e-mail e adattare il contenuto visualizzato alle preferenze dell&#8217;utente in base agli interessi e al comportamento. In alcuni link e siti web utilizziamo codici di tracciamento con i quali scopriamo a quali pagine \u00e8 stato effettuato l&#8217;accesso e su quali link, ad esempio nelle e-mail, \u00e8 stato cliccato. Se ci \u00e8 stato dato il consenso all&#8217;invio di e-mail o SMS\/Whatsapp, ti invieremo anche messaggi o contenuti personalizzati che potrebbero interessarti.\r\n\t<\/p>\r\n\r\n\t<h2>4. Social media<\/h2>\r\n\r\n\t<h3>Plug-in di Facebook (pulsante Mi piace e Condividi)<\/h3>\r\n\t<p>\r\n\t\tNelle nostre pagine sono integrati i plugin del social network Facebook, fornitore Facebook Inc., 1 Hacker Way, Menlo Park, California 94025, USA. Potete riconoscere i plugin di Facebook dal logo di Facebook o dal pulsante \u201cMi piace\u201d sulla nostra pagina. Una panoramica dei plugin di Facebook \u00e8 disponibile qui: https:\/\/developers.facebook.com\/docs\/plugins\/?locale=de_DE.\r\n\t<\/p>\r\n\t<p>\r\n\t\tQuando visiti le nostre pagine, il plugin stabilisce una connessione diretta tra il tuo browser e il server di Facebook. Facebook riceve cos\u00ec l&#8217;informazione che hai visitato il nostro sito con il tuo indirizzo IP. Se fai clic sul pulsante \u201cMi piace\u201d di Facebook mentre sei loggato nel tuo account Facebook, puoi collegare il contenuto delle nostre pagine al tuo profilo Facebook. Ci\u00f2 consente a Facebook di assegnare la tua visita alle nostre pagine al tuo account utente. Desideriamo sottolineare che in qualit\u00e0 di fornitore delle pagine non siamo a conoscenza del contenuto dei dati trasmessi n\u00e9 del loro utilizzo da parte di Facebook. Ulteriori informazioni sono disponibili nella dichiarazione sulla protezione dei dati di Facebook all&#8217;indirizzo: https:\/\/de-de.facebook.com\/privacy\/explanation.\r\n\t<\/p>\r\n\t<p>\r\n\t\tSe non desideri che Facebook assegni la tua visita alle nostre pagine al tuo account utente Facebook, esci dal tuo account utente Facebook.\r\n\t<\/p>\r\n\t<p>\r\n\t\tL&#8217;utilizzo dei plugin di Facebook si basa sull&#8217;art. 6 par. 1 lett. f GDPR. Il gestore del sito web ha un interesse legittimo ad ottenere la massima visibilit\u00e0 possibile sui social media.\r\n\t<\/p>\r\n\r\n\t<h3>Plug-in di Instagram<\/h3>\r\n\t<p>\r\n\t\tNelle nostre pagine sono integrate le funzioni del servizio Instagram. Queste funzioni sono offerte da Instagram Inc., 1601 Willow Road, Menlo Park, CA 94025, USA.\r\n\t<\/p>\r\n\t<p>\r\n\t\tSe hai effettuato l&#8217;accesso al tuo account Instagram, puoi collegare il contenuto delle nostre pagine al tuo profilo Instagram cliccando sul pulsante Instagram. Ci\u00f2 consente a Instagram di assegnare la tua visita alle nostre pagine al tuo account utente. Desideriamo sottolineare che in qualit\u00e0 di fornitore delle pagine non siamo a conoscenza del contenuto dei dati trasmessi n\u00e9 del loro utilizzo da parte di Instagram.\r\n\t<\/p>\r\n\t<p>\r\n\t\tL&#8217;utilizzo del plugin Instagram si basa sull&#8217;art. 6 par. 1 lett. f GDPR. Il gestore del sito web ha un interesse legittimo ad ottenere la massima visibilit\u00e0 possibile sui social media.\r\n\t<\/p>\r\n\t<p>\r\n\t\tUlteriori informazioni sono disponibili nell&#8217;informativa sulla privacy di Instagram: https:\/\/instagram.com\/about\/legal\/privacy\/.\r\n\t<\/p>\r\n\r\n\t<h2>5. Plugin e strumenti<\/h2>\r\n\r\n\t<h3>Caratteri Web Google<\/h3>\r\n\t<p>\r\n\t\tPer la visualizzazione uniforme dei caratteri, questa pagina utilizza i cosiddetti web font, forniti da Google. I Google Fonts sono installati localmente. Non c&#8217;\u00e8 connessione ai server di Google.\r\n\t<\/p>\r\n\r\n\t<h3>Google Analytics<\/h3>\r\n\t<p>\r\n\t\tUtilizziamo Google Analytics per analizzare l&#8217;utilizzo del sito web. I dati cos\u00ec ottenuti vengono utilizzati per ottimizzare il nostro sito web e le nostre misure pubblicitarie.\r\n\t<\/p>\r\n\t<p>\r\n\t\tGoogle Analytics \u00e8 un servizio di analisi web gestito e fornito da Google Inc. (1600 Amphitheatre Parkway, Mountain View, CA 94043, Stati Uniti). Google tratta i dati di utilizzo del sito web per nostro conto ed \u00e8 contrattualmente obbligato ad adottare misure per garantire la riservatezza dei dati trattati.\r\n\t<\/p>\r\n\t<p>\r\n\t\tDurante la vostra visita al sito web vengono registrati, tra gli altri, i seguenti dati:\r\n\t<\/p>\r\n\t<ul>\r\n\t\t<li>Pagine visualizzate<\/li>\r\n\t\t<li>Ordini comprensivi di vendite e prodotti ordinati<\/li>\r\n\t\t<li>Il tuo comportamento sulle pagine (ad esempio clic, comportamento di scorrimento e durata della permanenza)<\/li>\r\n\t\t<li>La tua posizione approssimativa (paese e citt\u00e0)<\/li>\r\n\t\t<li>Il tuo indirizzo IP (in forma abbreviata in modo che non sia possibile un&#8217;assegnazione chiara)<\/li>\r\n\t\t<li>Informazioni tecniche come browser, provider Internet, dispositivo e risoluzione dello schermo<\/li>\r\n\t\t<li>Fonte di origine della tua visita (ovvero da quale sito web o mezzo pubblicitario sei arrivato)<\/li>\r\n\t<\/ul>\r\n\t<p>\r\n\t\tQuesti dati vengono trasferiti a un server di Google negli Stati Uniti. Google rispetta le norme sulla protezione dei dati dell\u2019accordo \u201cEU-US Privacy Shield\u201d.\r\n\t<\/p>\r\n\t<p>\r\n\t\tGoogle Analytics memorizza i cookie nel tuo browser web per un periodo di due anni dalla tua ultima visita. Questi cookie contengono un ID utente generato in modo casuale che pu\u00f2 essere utilizzato per riconoscerti nelle future visite al sito web.\r\n\t<\/p>\r\n\t<p>\r\n\t\tI dati registrati vengono memorizzati insieme all&#8217;ID utente generato in modo casuale, che consente la valutazione di profili utente pseudonimi. Questi dati relativi all&#8217;utente vengono automaticamente cancellati dopo 14 mesi. Gli altri dati restano conservati in forma aggregata a tempo indeterminato.\r\n\t<\/p>\r\n\t<p>\r\n\t\tSe non sei d&#8217;accordo con la registrazione, puoi impedirla installando una volta il componente aggiuntivo del browser per disattivare Google Analytics.\r\n\t<\/p>\r\n\t<p>\r\n\t\tFonte: eRecht24\r\n\t<\/p>\r\n\r\n<\/section>\r\n\r\n\r\n\r\n\t","protected":false},"excerpt":{"rendered":"<p>Protezione Dati 1. Protezione dei dati in breve Informazioni generali Le seguenti informazioni forniscono una semplice panoramica di ci\u00f2 che [&hellip;]<\/p>\n","protected":false},"author":1,"featured_media":0,"parent":0,"menu_order":0,"comment_status":"closed","ping_status":"open","template":"","meta":{"_locale":"it_IT","_original_post":"https:\/\/meine-renditeimmobilie.de\/?page_id=3","footnotes":""},"folder":[164],"class_list":["post-7127","page","type-page","status-publish","hentry","it-IT"],"_links":{"self":[{"href":"https:\/\/meine-renditeimmobilie.de\/wp-json\/wp\/v2\/pages\/7127","targetHints":{"allow":["GET"]}}],"collection":[{"href":"https:\/\/meine-renditeimmobilie.de\/wp-json\/wp\/v2\/pages"}],"about":[{"href":"https:\/\/meine-renditeimmobilie.de\/wp-json\/wp\/v2\/types\/page"}],"author":[{"embeddable":true,"href":"https:\/\/meine-renditeimmobilie.de\/wp-json\/wp\/v2\/users\/1"}],"replies":[{"embeddable":true,"href":"https:\/\/meine-renditeimmobilie.de\/wp-json\/wp\/v2\/comments?post=7127"}],"version-history":[{"count":4,"href":"https:\/\/meine-renditeimmobilie.de\/wp-json\/wp\/v2\/pages\/7127\/revisions"}],"predecessor-version":[{"id":7156,"href":"https:\/\/meine-renditeimmobilie.de\/wp-json\/wp\/v2\/pages\/7127\/revisions\/7156"}],"wp:attachment":[{"href":"https:\/\/meine-renditeimmobilie.de\/wp-json\/wp\/v2\/media?parent=7127"}],"wp:term":[{"taxonomy":"folder","embeddable":true,"href":"https:\/\/meine-renditeimmobilie.de\/wp-json\/wp\/v2\/folder?post=7127"}],"curies":[{"name":"wp","href":"https:\/\/api.w.org\/{rel}","templated":true}]}}