{"id":7139,"date":"2024-05-06T16:19:55","date_gmt":"2024-05-06T14:19:55","guid":{"rendered":"https:\/\/meine-renditeimmobilie.de\/?page_id=7139"},"modified":"2024-05-06T16:57:08","modified_gmt":"2024-05-06T14:57:08","slug":"impronta","status":"publish","type":"page","link":"https:\/\/meine-renditeimmobilie.de\/it\/impronta\/","title":{"rendered":"Impronta"},"content":{"rendered":"<section class=\"mri-padded\">\r\n\r\n\t<h1>Informazioni ai sensi del \u00a7 5 TMG<\/h1>\r\n\r\n\t<p>\r\n\t\tMeine-Renditeimmobilie.de \u00e8 un marchio di Meine-Renditeimmobilie GmbH<br>\r\n\t\tLudwig-Ganghofer-Str. 4<br>\r\n\t\t82031 Gr\u00fcnwald<br>\r\n\t\t089 125093 30<br>\r\n\t\tPartita IVA: DE317142906\r\n\t<\/p>\r\n\t<p>\r\n\t\t<strong>Rappresentato da:<\/strong><br>\r\n\t\tPatrick Weiler<br>\r\n\t\tChristoph Weiler<br>\r\n\t\tFabian Winkler\r\n\t<\/p>\r\n\t<p>\r\n\t\t<strong>Voce di registrazione:<\/strong><br>\r\n\t\tIscrizione nel registro delle imprese.<br>\r\n\t\tTribunale di registrazione: Monaco<br>\r\n\t\tNumero di registrazione: HRB 238592<br>\r\n\t\tDal 1\u00b0 gennaio 2020 l\u2019autorit\u00e0 di vigilanza competente \u00e8 l\u2019IHK di Monaco e Alta Baviera, Max-Joseph-Stra\u00dfe 2, 80333 Monaco.\r\n\t<\/p>\r\n\t<p>\r\n\t<p>\r\n\t\t<strong>Esonero di responsabilit\u00e0:<\/strong>\r\n\t<\/p>\r\n\t<p>\r\n\t\t<strong>Responsabilit\u00e0 per i contenuti<\/strong>\r\n\t<\/p>\r\n\t<p>\r\n\t\tI contenuti delle nostre pagine sono stati creati con grande cura. Tuttavia, non possiamo garantire che il contenuto sia corretto, completo o aggiornato. In qualit\u00e0 di fornitore di servizi siamo responsabili dei nostri contenuti su queste pagine in conformit\u00e0 con le leggi generali ai sensi del \u00a7 7 comma 1 TMG. Tuttavia, ai sensi degli artt. da 8 a 10 TMG, in qualit\u00e0 di fornitore di servizi non siamo obbligati a monitorare le informazioni di terzi trasmesse o memorizzate o a indagare su circostanze che indicano attivit\u00e0 illegali. Restano impregiudicati gli obblighi di rimozione o di blocco dell&#8217;utilizzo delle informazioni previsti dalle leggi generali. Tuttavia, una responsabilit\u00e0 in questo senso \u00e8 possibile solo a partire dal momento in cui si viene a conoscenza di una concreta violazione della legge. Se venissimo a conoscenza di eventuali violazioni legali corrispondenti, rimuoveremo immediatamente questo contenuto.\r\n\t<\/p>\r\n\t<p>\r\n\t\t<strong>Responsabilit\u00e0 per i collegamenti<\/strong>\r\n\t<\/p>\r\n\t<p>\r\n\t\tLa nostra offerta contiene collegamenti a siti web esterni di terzi sui cui contenuti non abbiamo alcuna influenza. Pertanto non possiamo assumerci alcuna responsabilit\u00e0 per questi contenuti esterni. Per il contenuto delle pagine collegate \u00e8 sempre responsabile il rispettivo fornitore o gestore delle pagine. Al momento del collegamento le pagine collegate sono state controllate per eventuali violazioni legali. Il contenuto illegale non era evidente al momento del collegamento. Tuttavia, un controllo permanente del contenuto delle pagine collegate non \u00e8 ragionevole senza prove concrete di una violazione della legge. Se venissimo a conoscenza di eventuali violazioni legali, rimuoveremo immediatamente tali collegamenti.\r\n\t<\/p>\r\n\t<p>\r\n\t\t<strong>Protezione dei dati<\/strong>\r\n\t<\/p>\r\n\t<p>\r\n\t\tPrendiamo molto sul serio la questione della protezione dei dati. <a href=\"\/it\/protezione-dati\/\">Qui<\/a> potete trovare la nostra dichiarazione sulla protezione dei dati.\r\n\t<\/p>\r\n\t<p>\r\n\t\t<strong>Google Analytics<\/strong>\r\n\t<\/p>\r\n\t<p>\r\n\t\tQuesto sito web utilizza Google Analytics, un servizio di analisi web fornito da Google Inc. (\u201cGoogle\u201d). Google Analytics utilizza i cosiddetti &#8220;cookie&#8221;, file di testo che vengono memorizzati sul vostro computer e che consentono di analizzare il vostro utilizzo del sito web. Le informazioni generate dal cookie sull&#8217;utilizzo di questo sito web (compreso il vostro indirizzo IP) verranno trasmesse a un server di Google negli Stati Uniti e ivi memorizzate. Google utilizzer\u00e0 queste informazioni per valutare il vostro utilizzo del sito web, compilare report sulle attivit\u00e0 del sito web per gli operatori del sito web e fornire altri servizi relativi alle attivit\u00e0 del sito web e all&#8217;utilizzo di Internet. Google pu\u00f2 anche trasferire queste informazioni a terzi se richiesto dalla legge o se terzi elaborano questi dati per conto di Google. In nessun caso Google assocer\u00e0 il tuo indirizzo IP ad altri dati di Google. Potete impedire l&#8217;installazione dei cookie impostando di conseguenza il software del vostro browser; Le facciamo per\u00f2 notare che in questo caso forse non sar\u00e0 possibile utilizzare tutte le funzioni di questo sito web in modo completo. Utilizzando questo sito web acconsentite al trattamento dei dati raccolti su di voi da parte di Google nel modo e per lo scopo sopra descritti.\r\n\t<\/p>\r\n\t<p>\r\n\t\tSigla editoriale del generatore di sigla editoriale dello studio legale Hasselbach, Bonn\r\n\t<\/p>\r\n<\/section>\r\n\r\n\r\n\r\n\r\n","protected":false},"excerpt":{"rendered":"<p>Informazioni ai sensi del \u00a7 5 TMG Meine-Renditeimmobilie.de \u00e8 un marchio di Meine-Renditeimmobilie GmbH Ludwig-Ganghofer-Str. 4 82031 Gr\u00fcnwald 089 125093 [&hellip;]<\/p>\n","protected":false},"author":1,"featured_media":0,"parent":0,"menu_order":0,"comment_status":"closed","ping_status":"closed","template":"","meta":{"_locale":"it_IT","_original_post":"https:\/\/meine-renditeimmobilie.de\/?page_id=4047","footnotes":""},"folder":[161],"class_list":["post-7139","page","type-page","status-publish","hentry","it-IT"],"_links":{"self":[{"href":"https:\/\/meine-renditeimmobilie.de\/wp-json\/wp\/v2\/pages\/7139","targetHints":{"allow":["GET"]}}],"collection":[{"href":"https:\/\/meine-renditeimmobilie.de\/wp-json\/wp\/v2\/pages"}],"about":[{"href":"https:\/\/meine-renditeimmobilie.de\/wp-json\/wp\/v2\/types\/page"}],"author":[{"embeddable":true,"href":"https:\/\/meine-renditeimmobilie.de\/wp-json\/wp\/v2\/users\/1"}],"replies":[{"embeddable":true,"href":"https:\/\/meine-renditeimmobilie.de\/wp-json\/wp\/v2\/comments?post=7139"}],"version-history":[{"count":2,"href":"https:\/\/meine-renditeimmobilie.de\/wp-json\/wp\/v2\/pages\/7139\/revisions"}],"predecessor-version":[{"id":7155,"href":"https:\/\/meine-renditeimmobilie.de\/wp-json\/wp\/v2\/pages\/7139\/revisions\/7155"}],"wp:attachment":[{"href":"https:\/\/meine-renditeimmobilie.de\/wp-json\/wp\/v2\/media?parent=7139"}],"wp:term":[{"taxonomy":"folder","embeddable":true,"href":"https:\/\/meine-renditeimmobilie.de\/wp-json\/wp\/v2\/folder?post=7139"}],"curies":[{"name":"wp","href":"https:\/\/api.w.org\/{rel}","templated":true}]}}