{"id":7141,"date":"2024-05-06T16:31:39","date_gmt":"2024-05-06T14:31:39","guid":{"rendered":"https:\/\/meine-renditeimmobilie.de\/?page_id=7141"},"modified":"2026-02-09T17:42:19","modified_gmt":"2026-02-09T16:42:19","slug":"finanziamento-immobiliare","status":"publish","type":"page","link":"https:\/\/meine-renditeimmobilie.de\/it\/finanziamento-immobiliare\/","title":{"rendered":"Finanziamento immobiliare"},"content":{"rendered":"<h1 style=\"text-align: center; margin-top: 100px;\">\r\n\tFinanziamento immobiliare\r\n<\/h1>\r\n\r\n<section class=\"mri-padded\">\r\n\t<div class=\"mri-grid-finance\">\r\n\t\t<div>\r\n\t\t\t<img loading=\"lazy\" decoding=\"async\" src=\"https:\/\/meine-renditeimmobilie.de\/u\/Marcel-Bonhoff-Baufinanzierung-jpg.webp\" alt=\"Marcel Bonhoff, Esperto in finanziamenti edilizi\" width=\"550\" height=\"418\" class=\"aligncenter size-full wp-image-4078\" srcset=\"https:\/\/meine-renditeimmobilie.de\/u\/Marcel-Bonhoff-Baufinanzierung-jpg.webp 550w, https:\/\/meine-renditeimmobilie.de\/u\/Marcel-Bonhoff-Baufinanzierung-300x228.webp 300w\" sizes=\"auto, (max-width: 550px) 100vw, 550px\" \/>\r\n\t\t\t<strong>Marcel Bonhoff<\/strong>\r\n\t\t\tSpecialista finanziario e responsabile post-vendita\r\n\t\t<\/div>\r\n\t\t<div>\r\n\t\t\t<h2>Confronto finanziamenti<\/h2>\r\n\t\t\t<p>\r\n\t\t\t\tDesiderate finanziare un immobile e cercate:\r\n\t\t\t<\/p>\r\n\t\t\t<ul>\r\n\t\t\t\t<li>Le migliori condizioni possibili<\/li>\r\n\t\t\t\t<li>Un supervisore personale<\/li>\r\n\t\t\t\t<li>Un&#8217;offerta non vincolante entro 24 ore<\/li>\r\n\t\t\t\t<li>Un processo di invio digitale di documenti senza oneri burocratici<\/li>\r\n\t\t\t<\/ul>\r\n\t\t\t<p>\r\n\t\t\t\tMarcel Bohnhoff e il suo team finanziario vi consigliano e vi supportano individualmente nel vostro caso di finanziamento, adattato ai vostri desideri e obiettivi.\r\n\t\t\t<\/p>\r\n\t\t\t<p style=\"margin-top:30px\">\r\n\t\t\t\t<a href=\"\/it\/contatto\/\" class=\"mri-button-link\">Contattaci ora e discuti di progetti di finanziamento<\/a>\r\n\t\t\t<\/p>\r\n\t\t<\/div>\r\n\t<\/div>\r\n<\/section>\r\n\r\n\r\n<section class=\"mri-padded\">\r\n\t<div class=\"mri-grid-finance\">\r\n\t\t<div>\r\n\t\t\t<h2>\r\n\t\t\t\t<strong>ACQUISTA IMMOBILE<\/strong>\r\n\t\t\t\tFinanziamento\r\n\t\t\t<\/h2>\r\n\r\n\t\t\t<p>\r\n\t\t\t\tProcessi:\r\n\t\t\t<\/p>\r\n\t\t\t<p>\r\n\t\t\t\tIl processo di consultazione nella nostra azienda \u00e8 molto semplice. Nella prima fase esaminiamo la vostra situazione finanziaria e i vostri desideri individuali. Si tratta di <strong>finanziamento di un appartamento<\/strong>, <strong>finanziamento di una nuova costruzione<\/strong> o dobbiamo calcolare il <strong>finanziamento della casa<\/strong>?\r\n\t\t\t<\/p>\r\n\t\t\t<p>\r\n\t\t\t\tA seconda dei requisiti di base stabiliti, nel calcolo del finanziamento di un immobile \u00e8 necessario prestare attenzione a diversi aspetti.\r\n\t\t\t<\/p>\r\n\t\t\t<p>\r\n\t\t\t\tIn definitiva, bisogna calcolare il <strong>finanziamento di un immobile per 500.000 euro<\/strong> in modo diverso rispetto, ad esempio, a un <strong>prestito per un immobile<\/strong> superiore a 1 milione di euro.\r\n\t\t\t<\/p>\r\n\t\t<\/div>\r\n\t\t<div>\r\n\t\t\t<img loading=\"lazy\" decoding=\"async\" src=\"https:\/\/meine-renditeimmobilie.de\/u\/Finanzierung-Ablauf-jpg.webp\" alt=\"Processo di finanziamento immobiliare\" width=\"550\" height=\"550\" class=\"aligncenter size-full wp-image-4075\" srcset=\"https:\/\/meine-renditeimmobilie.de\/u\/Finanzierung-Ablauf-jpg.webp 550w, https:\/\/meine-renditeimmobilie.de\/u\/Finanzierung-Ablauf-300x300.webp 300w, https:\/\/meine-renditeimmobilie.de\/u\/Finanzierung-Ablauf-150x150.webp 150w\" sizes=\"auto, (max-width: 550px) 100vw, 550px\" \/>\r\n\t\t<\/div>\r\n\t<\/div>\r\n<\/section>\r\n\r\n\r\n<section class=\"mri-padded\">\r\n\t<div class=\"mri-grid-finance\">\r\n\t\t<div>\r\n\t\t\t<img loading=\"lazy\" decoding=\"async\" src=\"https:\/\/meine-renditeimmobilie.de\/u\/Immobilienkredit-ohne-Eigenkapital-jpg.webp\" alt=\"Prestito edilizio senza capitale proprio\" width=\"550\" height=\"370\" class=\"aligncenter size-full wp-image-4077\" srcset=\"https:\/\/meine-renditeimmobilie.de\/u\/Immobilienkredit-ohne-Eigenkapital-jpg.webp 550w, https:\/\/meine-renditeimmobilie.de\/u\/Immobilienkredit-ohne-Eigenkapital-300x202.webp 300w\" sizes=\"auto, (max-width: 550px) 100vw, 550px\" \/>\r\n\t\t<\/div>\r\n\t\t<div>\r\n\t\t\t<h2>\r\n\t\t\t\t<strong>CREDITI PER ARGOMENTI<\/strong>\r\n\t\t\t\tMutuo immobiliare senza capitale\r\n\t\t\t<\/h2>\r\n\t\t\t<p>\r\n\t\t\t\tVorresti acquistare una casa senza equit\u00e0? Questo non \u00e8 il modo tradizionale, ma ci\u00f2 non lo rende meno rilevante! Se ci sono le condizioni giuste, il <strong>finanziamento edilizio senza capitale proprio<\/strong> o il <strong>finanziamento al 100%<\/strong> \u00e8 certamente possibile anche nell&#8217;epoca attuale.\r\n\t\t\t<\/p>\r\n\t\t\t<p>\r\n\t\t\t\t<strong>Costruire una casa con finanziamenti senza capitale proprio<\/strong> offre ancora molti vantaggi e opzioni. Devi solo sapere come!\r\n\t\t\t<\/p>\r\n\t\t<\/div>\r\n\t<\/div>\r\n<\/section>\r\n\r\n\r\n<section class=\"mri-padded\">\r\n\t<div class=\"mri-grid-finance\">\r\n\t\t<div>\r\n\t\t\t<h2>\r\n\t\t\t\t<strong>COMPRA UNA CASA<\/strong>\r\n\t\t\t\tInformazioni sul finanziamento\r\n\t\t\t<\/h2>\r\n\r\n\t\t\t<p>\r\n\t\t\t\tSe siete interessati concretamente al finanziamento di una casa con il nostro confronto di finanziamenti, potete utilizzare il calcolatore in questa pagina oppure fissare un appuntamento (digitalmente o in ufficio) con uno dei nostri specialisti.\r\n\t\t\t<\/p>\r\n\t\t\t<p>\r\n\t\t\t\tElaboriamo la tua richiesta in modo rapido e trasparente. Dopo aver richiesto i tuoi dati, ti forniremo un&#8217;offerta su misura entro le prossime 24 ore. Lo facciamo indipendentemente dal tipo di richiesta di finanziamento che hai: indipendentemente dal fatto che si tratti di un investimento o di un tuo acquisto, di una casa o di un appartamento.\r\n\t\t\t<\/p>\r\n\t\t<\/div>\r\n\t\t<div>\r\n\t\t\t<img loading=\"lazy\" decoding=\"async\" src=\"https:\/\/meine-renditeimmobilie.de\/u\/Haus-kaufen-Finanzierung-jpg.webp\" alt=\"Finanziamento per acquisto casa\" width=\"550\" height=\"367\" class=\"aligncenter size-full wp-image-4076\" srcset=\"https:\/\/meine-renditeimmobilie.de\/u\/Haus-kaufen-Finanzierung-jpg.webp 550w, https:\/\/meine-renditeimmobilie.de\/u\/Haus-kaufen-Finanzierung-300x200.webp 300w\" sizes=\"auto, (max-width: 550px) 100vw, 550px\" \/>\r\n\t\t<\/div>\r\n\t<\/div>\r\n<\/section>\r\n\r\n\r\n<section class=\"mri-padded\">\r\n\t<div class=\"mri-grid-finance\">\r\n\t\t<div>\r\n\t\t\t<img loading=\"lazy\" decoding=\"async\" src=\"https:\/\/meine-renditeimmobilie.de\/u\/Wir-schuetzen-ihre-Daten-jpg.webp\" alt=\"Protezione dei dati presso Meine-Renditeimmobilie\" width=\"550\" height=\"367\" class=\"aligncenter size-full wp-image-4079\" srcset=\"https:\/\/meine-renditeimmobilie.de\/u\/Wir-schuetzen-ihre-Daten-jpg.webp 550w, https:\/\/meine-renditeimmobilie.de\/u\/Wir-schuetzen-ihre-Daten-300x200.webp 300w\" sizes=\"auto, (max-width: 550px) 100vw, 550px\" \/>\r\n\t\t<\/div>\r\n\t\t<div>\r\n\t\t\t<h2>\r\n\t\t\t\t<strong>PROTEZIONE DEI DATI<\/strong>\r\n\t\t\t\tProteggiamo i tuoi dati\r\n\t\t\t<\/h2>\r\n\t\t\t<p>\r\n\t\t\t\tPer noi la protezione dei dati non \u00e8 un fastidioso effetto collaterale, bens\u00ec un aspetto centrale della nostra consulenza. I tuoi dati sono protetti in molti modi su Meine-Renditeimmobilie.de. La trasmissione e l&#8217;archiviazione sicura dei dati, nonch\u00e9 la cancellazione dei dati dopo l&#8217;elaborazione, hanno la massima priorit\u00e0.\r\n\t\t\t<\/p>\r\n\t\t<\/div>\r\n\t<\/div>\r\n<\/section>\r\n\r\n\r\n<section class=\"mri-padded\">\r\n\t<div class=\"mri-grid-finance\">\r\n\t\t<div>\r\n\t\t\t<h2>\r\n\t\t\t\t<strong>FINANZIA<\/strong>\r\n\t\t\t\tFinanziamento di un condominio\r\n\t\t\t<\/h2>\r\n\t\t\t<p>\r\n\t\t\t\tTu vuoi \u2026\r\n\t\t\t<\/p>\r\n\t\t\t<ul>\r\n\t\t\t\t<li>acquistare e finanziare un appartamento?<\/li>\r\n\t\t\t\t<li>Fate effettuare un confronto per il <strong>finanziamento di un appartamento<\/strong>?<\/li>\r\n\t\t\t\t<li>Costruire un portafoglio immobiliare?<\/li>\r\n\t\t\t<\/ul>\r\n\t\t\t<p>\r\n\t\t\t\tAllora facciamo un <strong>confronto dei finanziamenti immobiliari<\/strong> \u2013 gratuitamente e senza impegno.\r\n\t\t\t<\/p>\r\n\t\t<\/div>\r\n\t\t<div>\r\n\t\t\t<img loading=\"lazy\" decoding=\"async\" src=\"https:\/\/meine-renditeimmobilie.de\/u\/Eigentumswohnung-finanzieren-jpg.webp\" alt=\"Finanziamento degli investimenti immobiliari\" width=\"550\" height=\"367\" class=\"aligncenter size-full wp-image-4074\" srcset=\"https:\/\/meine-renditeimmobilie.de\/u\/Eigentumswohnung-finanzieren-jpg.webp 550w, https:\/\/meine-renditeimmobilie.de\/u\/Eigentumswohnung-finanzieren-300x200.webp 300w\" sizes=\"auto, (max-width: 550px) 100vw, 550px\" \/>\r\n\t\t<\/div>\r\n\t<\/div>\r\n<\/section>\r\n\r\n\r\n<section class=\"mri-padded\">\r\n\t<div class=\"mri-grid-finance\">\r\n\t\t<div>\r\n\t\t\t<img loading=\"lazy\" decoding=\"async\" src=\"https:\/\/meine-renditeimmobilie.de\/u\/Arten-von-Finanzierungen-jpg.webp\" alt=\"Diversi tipi di finanziamento immobiliare\" width=\"550\" height=\"367\" class=\"aligncenter size-full wp-image-4073\" srcset=\"https:\/\/meine-renditeimmobilie.de\/u\/Arten-von-Finanzierungen-jpg.webp 550w, https:\/\/meine-renditeimmobilie.de\/u\/Arten-von-Finanzierungen-300x200.webp 300w\" sizes=\"auto, (max-width: 550px) 100vw, 550px\" \/>\r\n\t\t<\/div>\r\n\t\t<div>\r\n\t\t\t<h2>\r\n\t\t\t\t<strong>FINANZIA<\/strong>\r\n\t\t\t\tCosa ti finanziamo?\r\n\t\t\t<\/h2>\r\n\t\t\t<p>\r\n\t\t\t\tPossiamo implementare per voi diverse opzioni di finanziamento della costruzione:\r\n\t\t\t<\/p>\r\n\t\t\t<ul>\r\n\t\t\t\t<li>Finanziamento immobile senza casa<\/li>\r\n\t\t\t\t<li>Finanziamento di una casa classificata<\/li>\r\n\t\t\t\t<li>Finanziamento successivo<\/li>\r\n\t\t\t\t<li>Finanziamento appartamenti<\/li>\r\n\t\t\t\t<li>Finanziamento case<\/li>\r\n\t\t\t<\/ul>\r\n\t\t\t<p style=\"margin-top:30px\">\r\n\t\t\t\t<a href=\"\/it\/contatto\/\" class=\"mri-button-link\">Fissa un appuntamento adesso!<\/a>\r\n\t\t\t<\/p>\r\n\t\t<\/div>\r\n\t<\/div>\r\n<\/section>\r\n\r\n\r\n<section class=\"mri-padded\">\r\n\r\n\t<h2 style=\"text-align: center\">\r\n\t\t<strong>FINANZIA<\/strong>\r\n\t\tProcedura passo dopo passo\r\n\t<\/h2>\r\n\r\n\t<p>\r\n\t\tElaboriamo la tua richiesta di finanziamento in modo rapido e affidabile. Per poter mantenere questa promessa, Meine-Renditeimmobilie.de ha processi e responsabilit\u00e0 chiari. Quando si effettua un confronto finanziario, seguire i passaggi indicati.\r\n\t<\/p>\t\r\n\r\n\t<ol class=\"mri-steps\">\r\n\t\t<li>\r\n\t\t\t<div>\r\n\t\t\t\t<h3>\r\n\t\t\t\t\tFornitura di informazioni personali\r\n\t\t\t\t<\/h3>\r\n\t\t\t\t<p>\r\n\t\t\t\t\tCosa vuoi finanziare? Ti finanzi da solo o magari con il tuo partner? Vorresti contribuire con il capitale proprio?\r\n\t\t\t\t<\/p>\r\n\t\t\t<\/div>\r\n\t\t\t<span><em>Passaggio <\/em>1<\/span>\r\n\t\t<\/li>\r\n\t\t<li>\r\n\t\t\t<span><em>Passaggio <\/em>2<\/span>\r\n\t\t\t<div>\r\n\t\t\t\t<h3>\r\n\t\t\t\t\tConsulenza e preparazione offerte\r\n\t\t\t\t<\/h3>\r\n\t\t\t\t<p>\r\n\t\t\t\t\tSviluppiamo un concetto individuale che tiene conto delle vostre esigenze di finanziamento come diritti di rimborso speciali, tassi di interesse fissi, ecc.\r\n\t\t\t\t<\/p>\r\n\t\t\t<\/div>\r\n\t\t<\/li>\r\n\t\t<li>\r\n\t\t\t<div>\r\n\t\t\t\t<h3>\r\n\t\t\t\t\tPresentazione di tutti i documenti\r\n\t\t\t\t<\/h3>\r\n\t\t\t\t<p>\r\n\t\t\t\t\tPer poter presentare la richiesta di finanziamento alla banca abbiamo bisogno di ulteriori documenti da parte tua. Riceverai una lista di controllo per questo.\r\n\t\t\t\t<\/p>\r\n\t\t\t<\/div>\r\n\t\t\t<span><em>Passaggio <\/em>3<\/span>\r\n\t\t<\/li>\r\n\t\t<li>\r\n\t\t\t<span><em>Passaggio <\/em>4<\/span>\r\n\t\t\t<div>\r\n\t\t\t\t<h3>\r\n\t\t\t\t\tVerifica la tua richiesta di finanziamento con la banca\r\n\t\t\t\t<\/h3>\r\n\t\t\t\t<p>\r\n\t\t\t\t\tLa tua richiesta verr\u00e0 depositata presso la banca con le migliori condizioni e l\u00ec verificata.\r\n\t\t\t\t<\/p>\r\n\t\t\t<\/div>\r\n\r\n\t\t<\/li>\r\n\t\t<li>\r\n\t\t\t<div>\r\n\t\t\t\t<h3>\r\n\t\t\t\t\tFirma del contratto di prestito\r\n\t\t\t\t<\/h3>\r\n\t\t\t\t<p>\r\n\t\t\t\t\tLa banca d\u00e0 il via libera e tu firmi il contratto di prestito.\r\n\t\t\t\t<\/p>\r\n\t\t\t<\/div>\r\n\t\t\t<span><em>Passaggio <\/em>5<\/span>\r\n\t\t<\/li>\r\n\t<\/ol>\r\n<\/section>\r\n\r\n\r\n<section class=\"mri-padded\">\r\n\t<div class=\"mri-grid-420\">\r\n\t\t<div>\r\n\t\t\t<h2>\r\n\t\t\t\t<strong>CORRENTE<\/strong>\r\n\t\t\t\tInteressi ipotecari\r\n\t\t\t<\/h2>\r\n\r\n\t\t\t<p>\r\n\t\t\t\tNegli ultimi anni abbiamo sperimentato un contesto di tassi di interesse favorevole in tutta Europa grazie alla politica dei tassi di interesse della BCE. Gli attuali tassi di interesse sono aumentati dal 2022, ma i prestiti edilizi sono ancora convenienti rispetto al passato.\r\n\t\t\t<\/p>\r\n\t\t\t<p>\r\n\t\t\t\tDi seguito puoi vedere gli attuali tassi di interesse ipotecari:\r\n\t\t\t<\/p>\r\n\t\t<\/div>\r\n\t\t<div>\r\n\t\t\t<table>\r\n\t\t\t\t<caption style=\"caption-side: bottom\">\r\n\t\t\t\t\t*Aggiornamento: febbraio 2026 \/ stime non vincolanti delle ultime operazioni di finanziamento effettuate con noi. Ipotesi: importo netto del prestito per un importo di 500.000\u20ac con tasso di interesse fisso di 10 anni e rimborso del 2%.\r\n\t\t\t\t<\/caption>\r\n\t\t\t\t<tbody>\r\n\t\t\t\t\t<tr>\r\n\t\t\t\t\t\t<th>% del prezzo di acquisto finanziato<\/th>\r\n\t\t\t\t\t\t<th>Interessi debitori*<\/th>\r\n\t\t\t\t\t\t<th>Effetto. Tasso di interesse annuo*<\/th>\r\n\t\t\t\t\t<\/tr>\r\n\t\t\t\t\t<tr>\r\n\t\t\t\t\t\t<td>50%<\/td>\r\n\t\t\t\t\t\t<td>3,40%<\/td>\r\n\t\t\t\t\t\t<td>3,47%<\/td>\r\n\t\t\t\t\t<\/tr>\r\n\t\t\t\t\t<tr>\r\n\t\t\t\t\t\t<td>80%<\/td>\r\n\t\t\t\t\t\t<td>3,65%<\/td>\r\n\t\t\t\t\t\t<td>3,72%<\/td>\r\n\t\t\t\t\t<\/tr>\r\n\t\t\t\t\t<tr>\r\n\t\t\t\t\t\t<td>100%<\/td>\r\n\t\t\t\t\t\t<td>4,00%<\/td>\r\n\t\t\t\t\t\t<td>4,07%<\/td>\r\n\t\t\t\t\t<\/tr>\r\n\t\t\t\t<\/tbody>\r\n\t\t\t<\/table>\r\n\t\t<\/div>\r\n\t<\/div>\r\n<\/section>\r\n\r\n\r\n<section class=\"mri-padded\" style=\"margin-bottom: 100px;\">\r\n\r\n\t<h2>\r\n\t\t<strong>Domande frequenti<\/strong>\r\n\t\tRisposte alle tue domande\r\n\t<\/h2>\r\n\r\n\t<h3>Investitori<\/h3>\r\n\r\n\t<details>\r\n\t\t<summary>\r\n\t\t\tQuanta equit\u00e0 quando si acquista una casa?\r\n\t\t<\/summary>\r\n\t\t<p>\r\n\t\t\tLa quantit\u00e0 di capitale da utilizzare per l\u2019acquisto di una casa dipende in gran parte da due fattori:\r\n\t\t<\/p>\r\n\t\t<ol>\r\n\t\t\t<li>Comprare una casa \u00e8 un investimento di capitale? Quindi utilizzare la minor quantit\u00e0 di capitale proprio possibile per ottimizzare la leva del debito.<\/li>\r\n\t\t\t<li>Disponi di abbastanza capitale proprio se acquisti la tua casa? Allora usatelo generosamente, perch\u00e9 un maggiore utilizzo del capitale proprio riduce l&#8217;onere degli interessi<\/li>\r\n\t\t<\/ol>\r\n\t<\/details>\r\n\t<details>\r\n\t\t<summary>\r\n\t\t\tIn quanto tempo ricever\u00f2 un&#8217;offerta di finanziamento da Meine-Renditeimmobilie.de?\r\n\t\t<\/summary>\r\n\t\t<p>\r\n\t\t\tDopo il primo contatto telefonico o l&#8217;appuntamento in ufficio, riceverete lo stesso giorno la vostra offerta personalizzata.\r\n\t\t<\/p>\r\n\t<\/details>\r\n\t<details>\r\n\t\t<summary>\r\n\t\t\tQuanta equit\u00e0 \u00e8 richiesta?\r\n\t\t<\/summary>\r\n\t\t<p>\r\n\t\t\tNel caso di un immobile come investimento, di solito consigliamo di utilizzare i costi di acquisto aggiuntivi come capitale proprio. In linea di principio \u00e8 possibile realizzare anche altre costellazioni.\r\n\t\t<\/p>\r\n\t<\/details>\r\n\t<details>\r\n\t\t<summary>\r\n\t\t\tQuale tasso di interesse fisso ha senso?\r\n\t\t<\/summary>\r\n\t\t<p>\r\n\t\t\tPer poter dare una risposta significativa, vi consigliamo un colloquio personale o una telefonata con uno dei nostri esperti. Quando si effettua un investimento di capitale, di solito consigliamo un tasso di interesse fisso di 10 anni. Dopo 10 anni gli immobili da investimento possono essere venduti esentasse. Naturalmente ci sono anche situazioni personali in cui una strategia diversa ha pi\u00f9 senso.\r\n\t\t<\/p>\r\n\t<\/details>\r\n\t<details>\r\n\t\t<summary>\r\n\t\t\tCosa succede con i miei dati?\r\n\t\t<\/summary>\r\n\t\t<p>\r\n\t\t\tI tuoi dati verranno trattati solo nell&#8217;ambito della tua richiesta. Dopo questo processo, i dati verranno cancellati in conformit\u00e0 con GDPR.\r\n\t\t<\/p>\r\n\t<\/details>\r\n\t<details>\r\n\t\t<summary>\r\n\t\t\tFinanziamento casa: quanto posso permettermi?\r\n\t\t<\/summary>\r\n\t\t<p>\r\n\t\t\tQual \u00e8 l&#8217;importo massimo del capitale preso in prestito che puoi assumere? Dipende interamente dalla tua situazione finanziaria: hai delle garanzie che possono essere fornite? Com&#8217;\u00e8 il tuo rating creditizio? Ci sono altri finanziamenti in corso? In un primo colloquio informativo potremo scoprire insieme cosa \u00e8 possibile fare per voi.\r\n\t\t<\/p>\r\n\t<\/details>\r\n\r\n\r\n\t<h3>Proprietario-occupante<\/h3>\r\n\r\n\t<details>\r\n\t\t<summary>\r\n\t\t\tCosa succede con i miei dati?\r\n\t\t<\/summary>\r\n\t\t<p>\r\n\t\t\tI tuoi dati verranno trattati solo nell&#8217;ambito della tua richiesta. Dopo questo processo, verranno cancellati in conformit\u00e0 con gli attuali standard GDPR.\r\n\t\t<\/p>\r\n\t<\/details>\r\n\t<details>\r\n\t\t<summary>\r\n\t\t\tIn quanto tempo ricever\u00f2 un&#8217;offerta di finanziamento da Meine-Renditeimmobilie.de?\r\n\t\t<\/summary>\r\n\t\t<p>\r\n\t\t\tDopo il primo contatto telefonico o l&#8217;appuntamento in ufficio, riceverete lo stesso giorno la vostra offerta personalizzata.\r\n\t\t<\/p>\r\n\t<\/details>\r\n\t<details>\r\n\t\t<summary>\r\n\t\t\tDi quali opportunit\u00e0 di finanziamento posso usufruire?\r\n\t\t<\/summary>\r\n\t\t<p>\r\n\t\t\tDa un lato esistono diversi programmi di finanziamento del Kreditanstalt f\u00fcr Wiederaufbau (KfW), dall&#8217;altro ci sono diversi programmi di finanziamento federali che possono essere incorporati a vostro favore a seconda della situazione.\r\n\t\t<\/p>\r\n\t<\/details>\r\n\t<details>\r\n\t\t<summary>\r\n\t\t\tQual \u00e8 la mia tariffa mensile?\r\n\t\t<\/summary>\r\n\t\t<p>\r\n\t\t\tCi\u00f2 dipende dalla vostra situazione finanziaria, dal vostro reddito e dalla struttura desiderata del vostro finanziamento (tasso di interesse fisso, tasso di rimborso, ecc.). Chiamaci allo 089 \/ 1250 93 30 per avere maggiori informazioni e la tua tariffa mensile personale.\r\n\t\t<\/p>\r\n\t<\/details>\r\n\t<details>\r\n\t\t<summary>\r\n\t\t\tQuanta equit\u00e0 \u00e8 richiesta?\r\n\t\t<\/summary>\r\n\t\t<p>\r\n\t\t\tPi\u00f9 capitale utilizzi, pi\u00f9 basso sar\u00e0 il tasso di interesse. Tuttavia, quanto questo sia importante in ogni singolo caso dipende dalla vostra situazione personale.\r\n\t\t<\/p>\r\n\t<\/details>\r\n\t<details>\r\n\t\t<summary>\r\n\t\t\tPer quanto tempo posso garantire il mio tasso di interesse personale?\r\n\t\t<\/summary>\r\n\t\t<p>\r\n\t\t\tIn linea di principio \u00e8 possibile garantire il tasso di interesse per tutta la durata del prestito.\r\n\t\t<\/p>\r\n\t<\/details>\r\n\t<details>\r\n\t\t<summary>\r\n\t\t\tQuale impegno sul tasso di interesse ha senso?\r\n\t\t<\/summary>\r\n\t\t<p>\r\n\t\t\tIn caso di acquisto personale, diversi fattori personali influenzano la decisione. Per poter dare una risposta significativa, vi consigliamo un colloquio personale o una telefonata con uno dei nostri esperti. Solo cos\u00ec i vostri desideri e le vostre idee personali potranno essere presi in considerazione.\r\n\t\t<\/p>\r\n\t<\/details>\r\n\r\n<\/section>\r\n\r\n\r\n\r\n\r\n\r\n","protected":false},"excerpt":{"rendered":"<p>Finanziamento immobiliare Marcel Bonhoff Specialista finanziario e responsabile post-vendita Confronto finanziamenti Desiderate finanziare un immobile e cercate: Le migliori condizioni [&hellip;]<\/p>\n","protected":false},"author":1,"featured_media":0,"parent":0,"menu_order":0,"comment_status":"closed","ping_status":"closed","template":"","meta":{"_locale":"it_IT","_original_post":"https:\/\/meine-renditeimmobilie.de\/?page_id=3718","footnotes":""},"folder":[160],"class_list":["post-7141","page","type-page","status-publish","hentry","it-IT"],"_links":{"self":[{"href":"https:\/\/meine-renditeimmobilie.de\/wp-json\/wp\/v2\/pages\/7141","targetHints":{"allow":["GET"]}}],"collection":[{"href":"https:\/\/meine-renditeimmobilie.de\/wp-json\/wp\/v2\/pages"}],"about":[{"href":"https:\/\/meine-renditeimmobilie.de\/wp-json\/wp\/v2\/types\/page"}],"author":[{"embeddable":true,"href":"https:\/\/meine-renditeimmobilie.de\/wp-json\/wp\/v2\/users\/1"}],"replies":[{"embeddable":true,"href":"https:\/\/meine-renditeimmobilie.de\/wp-json\/wp\/v2\/comments?post=7141"}],"version-history":[{"count":8,"href":"https:\/\/meine-renditeimmobilie.de\/wp-json\/wp\/v2\/pages\/7141\/revisions"}],"predecessor-version":[{"id":11192,"href":"https:\/\/meine-renditeimmobilie.de\/wp-json\/wp\/v2\/pages\/7141\/revisions\/11192"}],"wp:attachment":[{"href":"https:\/\/meine-renditeimmobilie.de\/wp-json\/wp\/v2\/media?parent=7141"}],"wp:term":[{"taxonomy":"folder","embeddable":true,"href":"https:\/\/meine-renditeimmobilie.de\/wp-json\/wp\/v2\/folder?post=7141"}],"curies":[{"name":"wp","href":"https:\/\/api.w.org\/{rel}","templated":true}]}}